{"id":858,"date":"2021-09-28T00:37:59","date_gmt":"2021-09-27T22:37:59","guid":{"rendered":"https:\/\/store.tushmagazine.com\/product\/unkategorisiert\/858\/"},"modified":"2025-12-03T13:00:59","modified_gmt":"2025-12-03T12:00:59","slug":"tush-42-ebook","status":"publish","type":"product","link":"https:\/\/store.tushmagazine.com\/de\/product\/magazine\/tush-42-ebook\/","title":{"rendered":"TUSH 42 &#8211; VOLLST\u00c4NDIGE AUSGABE + ALLE COVER &#8211; eBOOK"},"content":{"rendered":"<p><strong>TUSH 42 \u2013 eBook<\/strong><\/p>\n<p>Stimmungsvolle Bilder, stimmungsvolle Kulissen &#8211; aber auch \u00fcbertriebene Looks machen diese Ausgabe wieder zu einer besonderen. Wir konzentrierten uns immer noch auf die Sch\u00f6nheit und nahmen Lippen, Augen, Gesichter und Haare auf glamour\u00f6se und doch intellektuelle Weise in den Blick &#8211; und machten das &#8222;Aussehen&#8220; zur Kunst. Mit unserer 42. Ausgabe schlagen wir eine Br\u00fccke zwischen Vergangenheit, Gegenwart und Zukunft: Mit gro\u00dfen Namen wie Nadja Auermann und frischen Gesichtern wie Cosima Fritz, mit etablierten deutschen Stars wie Anna Mila Guyenz und modernen, internationalen Gesichtern wie Unia Pakhomova und Iris Landstra, mit klassischen Sch\u00f6nheiten wie Alicia Holtz und ausdrucksstarken Gesichtern wie Betsy Teskes. Das Gleiche gilt f\u00fcr Setting und Styling: Kost\u00fcme aus den renommiertesten deutschen Theaterh\u00e4usern standen Pate f\u00fcr unser &#8222;\u00dcbermood&#8220;-Editorial, futuristisches Leuchten erstrahlt in &#8222;Glow Bot&#8220;, Kulturen prallen aufeinander mit einem Barbie gewidmeten Haar-Editorial und afrikanischem Tribal-Make-up.<\/p>\n<p>Diese Philosophie gilt f\u00fcr die gesamte Crew: Vom bekannten Haarmaster Nicolas Jurnjack bis zu den aufstrebenden Jean-Baptiste Santens und Oliver Schawalder.<br \/>\nChefredakteur Armin Morbach f\u00fchrt die Fotografenriege mit seinem ikonischen und ironischen Stil an, gefolgt von dem K\u00fcnstlerduo Synchrodogs, den New Yorkern Jacobs Sadrak &amp; Carrol Cruz und renommierten Youngstern wie Dan Beleiu, Riccardo Dubitante und Joe Lai.<\/p>\n<p>Fotografen:<br \/>\nBastian Achard, Nevem Allgeier, Dan Beleiu, Lars Bronseth, Fleur Bult, Riccardo Dubitante, Roberto Greco, Christine Hahn, Florian Hetz, Jacob + Carrol, Joe Lai, Armin Morbach,<br \/>\nClara Nebeling, K\u00e1ri Sveriss, Synchrodogs, Sabrina Theissen<\/p>\n<p>K\u00fcnstler &amp; Illustratoren:<br \/>\nJack J. Baxter, Ashley Bickerton, Lex Brutalo, Tom Galle, Ryan Hewett, Stefan Kartchev, Anders Kris\u00e1r, David Henry Nobody, Jr., Jihad Richter, Sucuk &amp; Bratwurst, Jam Sutton<\/p>\n<p>Spezifikationen<br \/>\n&#8211; 368 Seiten extreme Aussichten auf Sch\u00f6nheit in Wort und Bild<br \/>\n&#8211; 8 individuelle Sammlerh\u00fcllen<br \/>\n&#8211; hergestellt in Deutschland<\/p>\n<p><em>Bitte beachten Sie: Sie k\u00f6nnen <\/em><em>das eBook max. herunterladen. 4 Mal innerhalb des angegebenen Zeitraums.<\/em><\/p>\n","protected":false},"excerpt":{"rendered":"<p>TUSH 42 \u2013 eBook Stimmungsvolle Bilder, stimmungsvolle Kulissen &#8211; aber auch \u00fcbertriebene Looks machen diese Ausgabe wieder zu einer besonderen. Wir konzentrierten uns immer noch auf die Sch\u00f6nheit und nahmen<a href=\"https:\/\/store.tushmagazine.com\/de\/product\/magazine\/tush-42-ebook\/\" class=\"d-block breadmore\">Read More<\/a><\/p>\n","protected":false},"featured_media":228,"template":"","meta":[],"product_brand":[],"product_cat":[44],"product_tag":[],"class_list":{"0":"post-858","1":"product","2":"type-product","3":"status-publish","4":"has-post-thumbnail","6":"product_cat-magazine","8":"first","9":"instock","10":"downloadable","11":"virtual","12":"taxable","13":"purchasable","14":"product-type-simple"},"yoast_head":"<!-- This site is optimized with the Yoast SEO plugin v26.6 - https:\/\/yoast.com\/wordpress\/plugins\/seo\/ -->\n<title>TUSH 42 eBook: \u00dcBERMOOD<\/title>\n<meta name=\"description\" content=\"TUSH 42: Stimmungsvolle Bilder, stimmungsvolle Kulissen - aber \u00fcbertriebene Blicke machen diese Ausgabe wieder zu einer besonderen.\" \/>\n<meta name=\"robots\" content=\"index, follow, max-snippet:-1, max-image-preview:large, max-video-preview:-1\" \/>\n<link rel=\"canonical\" href=\"https:\/\/store.tushmagazine.com\/de\/product\/magazine\/tush-42-ebook\/\" \/>\n<meta property=\"og:locale\" content=\"de_DE\" \/>\n<meta property=\"og:type\" content=\"article\" \/>\n<meta property=\"og:title\" content=\"TUSH 42 eBook: \u00dcBERMOOD\" \/>\n<meta property=\"og:description\" content=\"TUSH 42: Stimmungsvolle Bilder, stimmungsvolle Kulissen - aber \u00fcbertriebene Blicke machen diese Ausgabe wieder zu einer besonderen.\" \/>\n<meta property=\"og:url\" content=\"https:\/\/store.tushmagazine.com\/de\/product\/magazine\/tush-42-ebook\/\" \/>\n<meta property=\"og:site_name\" content=\"TUSH Store\" \/>\n<meta property=\"article:modified_time\" content=\"2025-12-03T12:00:59+00:00\" \/>\n<meta name=\"twitter:card\" content=\"summary_large_image\" \/>\n<meta name=\"twitter:label1\" content=\"Gesch\u00e4tzte Lesezeit\" \/>\n\t<meta name=\"twitter:data1\" content=\"2\u00a0Minuten\" \/>\n<script type=\"application\/ld+json\" class=\"yoast-schema-graph\">{\"@context\":\"https:\/\/schema.org\",\"@graph\":[{\"@type\":\"WebPage\",\"@id\":\"https:\/\/store.tushmagazine.com\/de\/product\/magazine\/tush-42-ebook\/\",\"url\":\"https:\/\/store.tushmagazine.com\/de\/product\/magazine\/tush-42-ebook\/\",\"name\":\"TUSH 42 eBook: \u00dcBERMOOD\",\"isPartOf\":{\"@id\":\"https:\/\/store.tushmagazine.com\/de\/#website\"},\"primaryImageOfPage\":{\"@id\":\"https:\/\/store.tushmagazine.com\/de\/product\/magazine\/tush-42-ebook\/#primaryimage\"},\"image\":{\"@id\":\"https:\/\/store.tushmagazine.com\/de\/product\/magazine\/tush-42-ebook\/#primaryimage\"},\"thumbnailUrl\":\"https:\/\/store.tushmagazine.com\/wp-content\/uploads\/2021\/10\/T42_eBook.png\",\"datePublished\":\"2021-09-27T22:37:59+00:00\",\"dateModified\":\"2025-12-03T12:00:59+00:00\",\"description\":\"TUSH 42: Stimmungsvolle Bilder, stimmungsvolle Kulissen - aber \u00fcbertriebene Blicke machen diese Ausgabe wieder zu einer besonderen.\",\"breadcrumb\":{\"@id\":\"https:\/\/store.tushmagazine.com\/de\/product\/magazine\/tush-42-ebook\/#breadcrumb\"},\"inLanguage\":\"de\",\"potentialAction\":[{\"@type\":\"ReadAction\",\"target\":[\"https:\/\/store.tushmagazine.com\/de\/product\/magazine\/tush-42-ebook\/\"]}]},{\"@type\":\"ImageObject\",\"inLanguage\":\"de\",\"@id\":\"https:\/\/store.tushmagazine.com\/de\/product\/magazine\/tush-42-ebook\/#primaryimage\",\"url\":\"https:\/\/store.tushmagazine.com\/wp-content\/uploads\/2021\/10\/T42_eBook.png\",\"contentUrl\":\"https:\/\/store.tushmagazine.com\/wp-content\/uploads\/2021\/10\/T42_eBook.png\",\"width\":800,\"height\":1034,\"caption\":\"T42_eBook\"},{\"@type\":\"BreadcrumbList\",\"@id\":\"https:\/\/store.tushmagazine.com\/de\/product\/magazine\/tush-42-ebook\/#breadcrumb\",\"itemListElement\":[{\"@type\":\"ListItem\",\"position\":1,\"name\":\"Startseite\",\"item\":\"https:\/\/store.tushmagazine.com\/de\/\"},{\"@type\":\"ListItem\",\"position\":2,\"name\":\"Shop DE\",\"item\":\"https:\/\/store.tushmagazine.com\/de\/\"},{\"@type\":\"ListItem\",\"position\":3,\"name\":\"TUSH 42 &#8211; VOLLST\u00c4NDIGE AUSGABE + ALLE COVER &#8211; eBOOK\"}]},{\"@type\":\"WebSite\",\"@id\":\"https:\/\/store.tushmagazine.com\/de\/#website\",\"url\":\"https:\/\/store.tushmagazine.com\/de\/\",\"name\":\"TUSH Store\",\"description\":\"\",\"publisher\":{\"@id\":\"https:\/\/store.tushmagazine.com\/de\/#organization\"},\"potentialAction\":[{\"@type\":\"SearchAction\",\"target\":{\"@type\":\"EntryPoint\",\"urlTemplate\":\"https:\/\/store.tushmagazine.com\/de\/?s={search_term_string}\"},\"query-input\":{\"@type\":\"PropertyValueSpecification\",\"valueRequired\":true,\"valueName\":\"search_term_string\"}}],\"inLanguage\":\"de\"},{\"@type\":\"Organization\",\"@id\":\"https:\/\/store.tushmagazine.com\/de\/#organization\",\"name\":\"TUSH Store\",\"url\":\"https:\/\/store.tushmagazine.com\/de\/\",\"logo\":{\"@type\":\"ImageObject\",\"inLanguage\":\"de\",\"@id\":\"https:\/\/store.tushmagazine.com\/de\/#\/schema\/logo\/image\/\",\"url\":\"https:\/\/store.tushmagazine.com\/wp-content\/uploads\/2022\/05\/TUSH2022_Logo-white-e1651507122891.png\",\"contentUrl\":\"https:\/\/store.tushmagazine.com\/wp-content\/uploads\/2022\/05\/TUSH2022_Logo-white-e1651507122891.png\",\"width\":960,\"height\":180,\"caption\":\"TUSH Store\"},\"image\":{\"@id\":\"https:\/\/store.tushmagazine.com\/de\/#\/schema\/logo\/image\/\"}}]}<\/script>\n<!-- \/ Yoast SEO plugin. -->","yoast_head_json":{"title":"TUSH 42 eBook: \u00dcBERMOOD","description":"TUSH 42: Stimmungsvolle Bilder, stimmungsvolle Kulissen - aber \u00fcbertriebene Blicke machen diese Ausgabe wieder zu einer besonderen.","robots":{"index":"index","follow":"follow","max-snippet":"max-snippet:-1","max-image-preview":"max-image-preview:large","max-video-preview":"max-video-preview:-1"},"canonical":"https:\/\/store.tushmagazine.com\/de\/product\/magazine\/tush-42-ebook\/","og_locale":"de_DE","og_type":"article","og_title":"TUSH 42 eBook: \u00dcBERMOOD","og_description":"TUSH 42: Stimmungsvolle Bilder, stimmungsvolle Kulissen - aber \u00fcbertriebene Blicke machen diese Ausgabe wieder zu einer besonderen.","og_url":"https:\/\/store.tushmagazine.com\/de\/product\/magazine\/tush-42-ebook\/","og_site_name":"TUSH Store","article_modified_time":"2025-12-03T12:00:59+00:00","twitter_card":"summary_large_image","twitter_misc":{"Gesch\u00e4tzte Lesezeit":"2\u00a0Minuten"},"schema":{"@context":"https:\/\/schema.org","@graph":[{"@type":"WebPage","@id":"https:\/\/store.tushmagazine.com\/de\/product\/magazine\/tush-42-ebook\/","url":"https:\/\/store.tushmagazine.com\/de\/product\/magazine\/tush-42-ebook\/","name":"TUSH 42 eBook: \u00dcBERMOOD","isPartOf":{"@id":"https:\/\/store.tushmagazine.com\/de\/#website"},"primaryImageOfPage":{"@id":"https:\/\/store.tushmagazine.com\/de\/product\/magazine\/tush-42-ebook\/#primaryimage"},"image":{"@id":"https:\/\/store.tushmagazine.com\/de\/product\/magazine\/tush-42-ebook\/#primaryimage"},"thumbnailUrl":"https:\/\/store.tushmagazine.com\/wp-content\/uploads\/2021\/10\/T42_eBook.png","datePublished":"2021-09-27T22:37:59+00:00","dateModified":"2025-12-03T12:00:59+00:00","description":"TUSH 42: Stimmungsvolle Bilder, stimmungsvolle Kulissen - aber \u00fcbertriebene Blicke machen diese Ausgabe wieder zu einer besonderen.","breadcrumb":{"@id":"https:\/\/store.tushmagazine.com\/de\/product\/magazine\/tush-42-ebook\/#breadcrumb"},"inLanguage":"de","potentialAction":[{"@type":"ReadAction","target":["https:\/\/store.tushmagazine.com\/de\/product\/magazine\/tush-42-ebook\/"]}]},{"@type":"ImageObject","inLanguage":"de","@id":"https:\/\/store.tushmagazine.com\/de\/product\/magazine\/tush-42-ebook\/#primaryimage","url":"https:\/\/store.tushmagazine.com\/wp-content\/uploads\/2021\/10\/T42_eBook.png","contentUrl":"https:\/\/store.tushmagazine.com\/wp-content\/uploads\/2021\/10\/T42_eBook.png","width":800,"height":1034,"caption":"T42_eBook"},{"@type":"BreadcrumbList","@id":"https:\/\/store.tushmagazine.com\/de\/product\/magazine\/tush-42-ebook\/#breadcrumb","itemListElement":[{"@type":"ListItem","position":1,"name":"Startseite","item":"https:\/\/store.tushmagazine.com\/de\/"},{"@type":"ListItem","position":2,"name":"Shop DE","item":"https:\/\/store.tushmagazine.com\/de\/"},{"@type":"ListItem","position":3,"name":"TUSH 42 &#8211; VOLLST\u00c4NDIGE AUSGABE + ALLE COVER &#8211; eBOOK"}]},{"@type":"WebSite","@id":"https:\/\/store.tushmagazine.com\/de\/#website","url":"https:\/\/store.tushmagazine.com\/de\/","name":"TUSH Store","description":"","publisher":{"@id":"https:\/\/store.tushmagazine.com\/de\/#organization"},"potentialAction":[{"@type":"SearchAction","target":{"@type":"EntryPoint","urlTemplate":"https:\/\/store.tushmagazine.com\/de\/?s={search_term_string}"},"query-input":{"@type":"PropertyValueSpecification","valueRequired":true,"valueName":"search_term_string"}}],"inLanguage":"de"},{"@type":"Organization","@id":"https:\/\/store.tushmagazine.com\/de\/#organization","name":"TUSH Store","url":"https:\/\/store.tushmagazine.com\/de\/","logo":{"@type":"ImageObject","inLanguage":"de","@id":"https:\/\/store.tushmagazine.com\/de\/#\/schema\/logo\/image\/","url":"https:\/\/store.tushmagazine.com\/wp-content\/uploads\/2022\/05\/TUSH2022_Logo-white-e1651507122891.png","contentUrl":"https:\/\/store.tushmagazine.com\/wp-content\/uploads\/2022\/05\/TUSH2022_Logo-white-e1651507122891.png","width":960,"height":180,"caption":"TUSH Store"},"image":{"@id":"https:\/\/store.tushmagazine.com\/de\/#\/schema\/logo\/image\/"}}]}},"_links":{"self":[{"href":"https:\/\/store.tushmagazine.com\/de\/wp-json\/wp\/v2\/product\/858","targetHints":{"allow":["GET"]}}],"collection":[{"href":"https:\/\/store.tushmagazine.com\/de\/wp-json\/wp\/v2\/product"}],"about":[{"href":"https:\/\/store.tushmagazine.com\/de\/wp-json\/wp\/v2\/types\/product"}],"wp:featuredmedia":[{"embeddable":true,"href":"https:\/\/store.tushmagazine.com\/de\/wp-json\/wp\/v2\/media\/228"}],"wp:attachment":[{"href":"https:\/\/store.tushmagazine.com\/de\/wp-json\/wp\/v2\/media?parent=858"}],"wp:term":[{"taxonomy":"product_brand","embeddable":true,"href":"https:\/\/store.tushmagazine.com\/de\/wp-json\/wp\/v2\/product_brand?post=858"},{"taxonomy":"product_cat","embeddable":true,"href":"https:\/\/store.tushmagazine.com\/de\/wp-json\/wp\/v2\/product_cat?post=858"},{"taxonomy":"product_tag","embeddable":true,"href":"https:\/\/store.tushmagazine.com\/de\/wp-json\/wp\/v2\/product_tag?post=858"}],"curies":[{"name":"wp","href":"https:\/\/api.w.org\/{rel}","templated":true}]}}