{"id":856,"date":"2021-09-28T00:32:50","date_gmt":"2021-09-27T22:32:50","guid":{"rendered":"https:\/\/store.tushmagazine.com\/product\/unkategorisiert\/856\/"},"modified":"2025-12-03T13:00:22","modified_gmt":"2025-12-03T12:00:22","slug":"tush-44-ebook","status":"publish","type":"product","link":"https:\/\/store.tushmagazine.com\/de\/product\/magazine\/tush-44-ebook\/","title":{"rendered":"TUSH 44 &#8211; VOLLST\u00c4NDIGE AUSGABE + ALLE COVER &#8211; eBOOK"},"content":{"rendered":"<p><strong>TUSH 44 \u2013 eBook<\/strong><\/p>\n<p>Starke Charaktere wie Aquaria, hyperkreative Make-up-K\u00fcnstler wie Peter Philips, Chiao Li und Marla Belt, beeindruckende Kreative wie Sasha Frolova und Fotografen wie Armin Morbach, Laura Okita, Mattie Delbreuve pr\u00e4gen TUSH 44: Mit einem retro-futuristischen Appeal erz\u00e4hlen wir Bilder der Sch\u00f6nheit von den N\u00e4geln bis zu den Wimpern, von den Lippen bis zu den H\u00fcften neu und sehen sie voraus, erz\u00e4hlen Geschichten \u00fcber Mode, Kunst und das Absurde. Immer \u00e4sthetisch, manchmal abstrakt &#8211; und doch ansprechend.<\/p>\n<p>&#8211; 400 Seiten extremer Ausblick auf Sch\u00f6nheit in Wort und Bild<br \/>\n&#8211; 12 individuelle Cover<br \/>\n&#8211; hergestellt in Deutschland<\/p>\n<p><em>Bitte beachten Sie: Sie k\u00f6nnen <\/em><em>das eBook max. herunterladen. 4 Mal innerhalb des angegebenen Zeitraums.<\/em><\/p>\n","protected":false},"excerpt":{"rendered":"<p>TUSH 44 \u2013 eBook Starke Charaktere wie Aquaria, hyperkreative Make-up-K\u00fcnstler wie Peter Philips, Chiao Li und Marla Belt, beeindruckende Kreative wie Sasha Frolova und Fotografen wie Armin Morbach, Laura Okita,<a href=\"https:\/\/store.tushmagazine.com\/de\/product\/magazine\/tush-44-ebook\/\" class=\"d-block breadmore\">Read More<\/a><\/p>\n","protected":false},"featured_media":224,"template":"","meta":[],"product_brand":[],"product_cat":[44],"product_tag":[],"class_list":{"0":"post-856","1":"product","2":"type-product","3":"status-publish","4":"has-post-thumbnail","6":"product_cat-magazine","8":"first","9":"instock","10":"downloadable","11":"virtual","12":"taxable","13":"purchasable","14":"product-type-simple"},"yoast_head":"<!-- This site is optimized with the Yoast SEO plugin v26.6 - https:\/\/yoast.com\/wordpress\/plugins\/seo\/ -->\n<title>TUSH 44 eBook: GENDERATION<\/title>\n<meta name=\"description\" content=\"Starke Charaktere wie Aquaria, hyperkreative Maskenbildner wie Peter Philips, Chiao Li und Marla Belt pr\u00e4gen TUSH 44.\" \/>\n<meta name=\"robots\" content=\"index, follow, max-snippet:-1, max-image-preview:large, max-video-preview:-1\" \/>\n<link rel=\"canonical\" href=\"https:\/\/store.tushmagazine.com\/de\/product\/magazine\/tush-44-ebook\/\" \/>\n<meta property=\"og:locale\" content=\"de_DE\" \/>\n<meta property=\"og:type\" content=\"article\" \/>\n<meta property=\"og:title\" content=\"TUSH 44 eBook: GENDERATION\" \/>\n<meta property=\"og:description\" content=\"Starke Charaktere wie Aquaria, hyperkreative Maskenbildner wie Peter Philips, Chiao Li und Marla Belt pr\u00e4gen TUSH 44.\" \/>\n<meta property=\"og:url\" content=\"https:\/\/store.tushmagazine.com\/de\/product\/magazine\/tush-44-ebook\/\" \/>\n<meta property=\"og:site_name\" content=\"TUSH Store\" \/>\n<meta property=\"article:modified_time\" content=\"2025-12-03T12:00:22+00:00\" \/>\n<meta name=\"twitter:card\" content=\"summary_large_image\" \/>\n<meta name=\"twitter:label1\" content=\"Gesch\u00e4tzte Lesezeit\" \/>\n\t<meta name=\"twitter:data1\" content=\"1\u00a0Minute\" \/>\n<script type=\"application\/ld+json\" class=\"yoast-schema-graph\">{\"@context\":\"https:\/\/schema.org\",\"@graph\":[{\"@type\":\"WebPage\",\"@id\":\"https:\/\/store.tushmagazine.com\/de\/product\/magazine\/tush-44-ebook\/\",\"url\":\"https:\/\/store.tushmagazine.com\/de\/product\/magazine\/tush-44-ebook\/\",\"name\":\"TUSH 44 eBook: GENDERATION\",\"isPartOf\":{\"@id\":\"https:\/\/store.tushmagazine.com\/de\/#website\"},\"primaryImageOfPage\":{\"@id\":\"https:\/\/store.tushmagazine.com\/de\/product\/magazine\/tush-44-ebook\/#primaryimage\"},\"image\":{\"@id\":\"https:\/\/store.tushmagazine.com\/de\/product\/magazine\/tush-44-ebook\/#primaryimage\"},\"thumbnailUrl\":\"https:\/\/store.tushmagazine.com\/wp-content\/uploads\/2021\/10\/T44_eBook.png\",\"datePublished\":\"2021-09-27T22:32:50+00:00\",\"dateModified\":\"2025-12-03T12:00:22+00:00\",\"description\":\"Starke Charaktere wie Aquaria, hyperkreative Maskenbildner wie Peter Philips, Chiao Li und Marla Belt pr\u00e4gen TUSH 44.\",\"breadcrumb\":{\"@id\":\"https:\/\/store.tushmagazine.com\/de\/product\/magazine\/tush-44-ebook\/#breadcrumb\"},\"inLanguage\":\"de\",\"potentialAction\":[{\"@type\":\"ReadAction\",\"target\":[\"https:\/\/store.tushmagazine.com\/de\/product\/magazine\/tush-44-ebook\/\"]}]},{\"@type\":\"ImageObject\",\"inLanguage\":\"de\",\"@id\":\"https:\/\/store.tushmagazine.com\/de\/product\/magazine\/tush-44-ebook\/#primaryimage\",\"url\":\"https:\/\/store.tushmagazine.com\/wp-content\/uploads\/2021\/10\/T44_eBook.png\",\"contentUrl\":\"https:\/\/store.tushmagazine.com\/wp-content\/uploads\/2021\/10\/T44_eBook.png\",\"width\":800,\"height\":1034,\"caption\":\"T44_eBook\"},{\"@type\":\"BreadcrumbList\",\"@id\":\"https:\/\/store.tushmagazine.com\/de\/product\/magazine\/tush-44-ebook\/#breadcrumb\",\"itemListElement\":[{\"@type\":\"ListItem\",\"position\":1,\"name\":\"Startseite\",\"item\":\"https:\/\/store.tushmagazine.com\/de\/\"},{\"@type\":\"ListItem\",\"position\":2,\"name\":\"Shop DE\",\"item\":\"https:\/\/store.tushmagazine.com\/de\/\"},{\"@type\":\"ListItem\",\"position\":3,\"name\":\"TUSH 44 &#8211; VOLLST\u00c4NDIGE AUSGABE + ALLE COVER &#8211; eBOOK\"}]},{\"@type\":\"WebSite\",\"@id\":\"https:\/\/store.tushmagazine.com\/de\/#website\",\"url\":\"https:\/\/store.tushmagazine.com\/de\/\",\"name\":\"TUSH Store\",\"description\":\"\",\"publisher\":{\"@id\":\"https:\/\/store.tushmagazine.com\/de\/#organization\"},\"potentialAction\":[{\"@type\":\"SearchAction\",\"target\":{\"@type\":\"EntryPoint\",\"urlTemplate\":\"https:\/\/store.tushmagazine.com\/de\/?s={search_term_string}\"},\"query-input\":{\"@type\":\"PropertyValueSpecification\",\"valueRequired\":true,\"valueName\":\"search_term_string\"}}],\"inLanguage\":\"de\"},{\"@type\":\"Organization\",\"@id\":\"https:\/\/store.tushmagazine.com\/de\/#organization\",\"name\":\"TUSH Store\",\"url\":\"https:\/\/store.tushmagazine.com\/de\/\",\"logo\":{\"@type\":\"ImageObject\",\"inLanguage\":\"de\",\"@id\":\"https:\/\/store.tushmagazine.com\/de\/#\/schema\/logo\/image\/\",\"url\":\"https:\/\/store.tushmagazine.com\/wp-content\/uploads\/2022\/05\/TUSH2022_Logo-white-e1651507122891.png\",\"contentUrl\":\"https:\/\/store.tushmagazine.com\/wp-content\/uploads\/2022\/05\/TUSH2022_Logo-white-e1651507122891.png\",\"width\":960,\"height\":180,\"caption\":\"TUSH Store\"},\"image\":{\"@id\":\"https:\/\/store.tushmagazine.com\/de\/#\/schema\/logo\/image\/\"}}]}<\/script>\n<!-- \/ Yoast SEO plugin. -->","yoast_head_json":{"title":"TUSH 44 eBook: GENDERATION","description":"Starke Charaktere wie Aquaria, hyperkreative Maskenbildner wie Peter Philips, Chiao Li und Marla Belt pr\u00e4gen TUSH 44.","robots":{"index":"index","follow":"follow","max-snippet":"max-snippet:-1","max-image-preview":"max-image-preview:large","max-video-preview":"max-video-preview:-1"},"canonical":"https:\/\/store.tushmagazine.com\/de\/product\/magazine\/tush-44-ebook\/","og_locale":"de_DE","og_type":"article","og_title":"TUSH 44 eBook: GENDERATION","og_description":"Starke Charaktere wie Aquaria, hyperkreative Maskenbildner wie Peter Philips, Chiao Li und Marla Belt pr\u00e4gen TUSH 44.","og_url":"https:\/\/store.tushmagazine.com\/de\/product\/magazine\/tush-44-ebook\/","og_site_name":"TUSH Store","article_modified_time":"2025-12-03T12:00:22+00:00","twitter_card":"summary_large_image","twitter_misc":{"Gesch\u00e4tzte Lesezeit":"1\u00a0Minute"},"schema":{"@context":"https:\/\/schema.org","@graph":[{"@type":"WebPage","@id":"https:\/\/store.tushmagazine.com\/de\/product\/magazine\/tush-44-ebook\/","url":"https:\/\/store.tushmagazine.com\/de\/product\/magazine\/tush-44-ebook\/","name":"TUSH 44 eBook: GENDERATION","isPartOf":{"@id":"https:\/\/store.tushmagazine.com\/de\/#website"},"primaryImageOfPage":{"@id":"https:\/\/store.tushmagazine.com\/de\/product\/magazine\/tush-44-ebook\/#primaryimage"},"image":{"@id":"https:\/\/store.tushmagazine.com\/de\/product\/magazine\/tush-44-ebook\/#primaryimage"},"thumbnailUrl":"https:\/\/store.tushmagazine.com\/wp-content\/uploads\/2021\/10\/T44_eBook.png","datePublished":"2021-09-27T22:32:50+00:00","dateModified":"2025-12-03T12:00:22+00:00","description":"Starke Charaktere wie Aquaria, hyperkreative Maskenbildner wie Peter Philips, Chiao Li und Marla Belt pr\u00e4gen TUSH 44.","breadcrumb":{"@id":"https:\/\/store.tushmagazine.com\/de\/product\/magazine\/tush-44-ebook\/#breadcrumb"},"inLanguage":"de","potentialAction":[{"@type":"ReadAction","target":["https:\/\/store.tushmagazine.com\/de\/product\/magazine\/tush-44-ebook\/"]}]},{"@type":"ImageObject","inLanguage":"de","@id":"https:\/\/store.tushmagazine.com\/de\/product\/magazine\/tush-44-ebook\/#primaryimage","url":"https:\/\/store.tushmagazine.com\/wp-content\/uploads\/2021\/10\/T44_eBook.png","contentUrl":"https:\/\/store.tushmagazine.com\/wp-content\/uploads\/2021\/10\/T44_eBook.png","width":800,"height":1034,"caption":"T44_eBook"},{"@type":"BreadcrumbList","@id":"https:\/\/store.tushmagazine.com\/de\/product\/magazine\/tush-44-ebook\/#breadcrumb","itemListElement":[{"@type":"ListItem","position":1,"name":"Startseite","item":"https:\/\/store.tushmagazine.com\/de\/"},{"@type":"ListItem","position":2,"name":"Shop DE","item":"https:\/\/store.tushmagazine.com\/de\/"},{"@type":"ListItem","position":3,"name":"TUSH 44 &#8211; VOLLST\u00c4NDIGE AUSGABE + ALLE COVER &#8211; eBOOK"}]},{"@type":"WebSite","@id":"https:\/\/store.tushmagazine.com\/de\/#website","url":"https:\/\/store.tushmagazine.com\/de\/","name":"TUSH Store","description":"","publisher":{"@id":"https:\/\/store.tushmagazine.com\/de\/#organization"},"potentialAction":[{"@type":"SearchAction","target":{"@type":"EntryPoint","urlTemplate":"https:\/\/store.tushmagazine.com\/de\/?s={search_term_string}"},"query-input":{"@type":"PropertyValueSpecification","valueRequired":true,"valueName":"search_term_string"}}],"inLanguage":"de"},{"@type":"Organization","@id":"https:\/\/store.tushmagazine.com\/de\/#organization","name":"TUSH Store","url":"https:\/\/store.tushmagazine.com\/de\/","logo":{"@type":"ImageObject","inLanguage":"de","@id":"https:\/\/store.tushmagazine.com\/de\/#\/schema\/logo\/image\/","url":"https:\/\/store.tushmagazine.com\/wp-content\/uploads\/2022\/05\/TUSH2022_Logo-white-e1651507122891.png","contentUrl":"https:\/\/store.tushmagazine.com\/wp-content\/uploads\/2022\/05\/TUSH2022_Logo-white-e1651507122891.png","width":960,"height":180,"caption":"TUSH Store"},"image":{"@id":"https:\/\/store.tushmagazine.com\/de\/#\/schema\/logo\/image\/"}}]}},"_links":{"self":[{"href":"https:\/\/store.tushmagazine.com\/de\/wp-json\/wp\/v2\/product\/856","targetHints":{"allow":["GET"]}}],"collection":[{"href":"https:\/\/store.tushmagazine.com\/de\/wp-json\/wp\/v2\/product"}],"about":[{"href":"https:\/\/store.tushmagazine.com\/de\/wp-json\/wp\/v2\/types\/product"}],"wp:featuredmedia":[{"embeddable":true,"href":"https:\/\/store.tushmagazine.com\/de\/wp-json\/wp\/v2\/media\/224"}],"wp:attachment":[{"href":"https:\/\/store.tushmagazine.com\/de\/wp-json\/wp\/v2\/media?parent=856"}],"wp:term":[{"taxonomy":"product_brand","embeddable":true,"href":"https:\/\/store.tushmagazine.com\/de\/wp-json\/wp\/v2\/product_brand?post=856"},{"taxonomy":"product_cat","embeddable":true,"href":"https:\/\/store.tushmagazine.com\/de\/wp-json\/wp\/v2\/product_cat?post=856"},{"taxonomy":"product_tag","embeddable":true,"href":"https:\/\/store.tushmagazine.com\/de\/wp-json\/wp\/v2\/product_tag?post=856"}],"curies":[{"name":"wp","href":"https:\/\/api.w.org\/{rel}","templated":true}]}}