{"id":7941,"date":"2026-04-11T08:04:03","date_gmt":"2026-04-11T06:04:03","guid":{"rendered":"https:\/\/store.tushmagazine.com\/?post_type=product&#038;p=7941"},"modified":"2026-04-13T12:54:12","modified_gmt":"2026-04-13T10:54:12","slug":"tush-58","status":"publish","type":"product","link":"https:\/\/store.tushmagazine.com\/de\/product\/magazine\/tush-58\/","title":{"rendered":"TUSH 58"},"content":{"rendered":"<p><strong>TUSH 58 &#8211; Druckausgabe<\/strong><\/p>\n<p>Mit der kommenden Ausgabe widmet sich TUSH dem Werk, nicht nur im klassischen Sinn, sondern als Ursprung von Kreativit\u00e4t, Kultur und Beauty. Das Werk ist der Motor f\u00fcr das, was wir Beauty Culture nennen.<\/p>\n<p>In einer Zeit, in der digitale Tools und k\u00fcnstliche Intelligenzen scheinbar m\u00fchelos kreieren, bleibt eines unbestritten: Auch Kl sch\u00f6pft letztlich nur aus dem, was Menschen zuvor geschaffen haben. Ihre \u201eKreativit\u00e4t&#8220; ist ein Echo unserer Arbeit, unserer Geschichte, unseres Werks.<\/p>\n<ul>\n<li>Pop- und Stilikone <strong>Bill Kaulitz<\/strong><\/li>\n<li>Ausnahmek\u00fcnstlerin und Entertainerin <strong>Helene Fischer<\/strong><\/li>\n<li>Internationales Topmodel <strong>Toni Garrn<\/strong><\/li>\n<li>Schauspielerin <strong>Sandra H\u00fcller<\/strong><\/li>\n<li>Schauspielerin <strong>Harriet Herbig-Matten<\/strong><\/li>\n<li>Creative Talent <strong>FELI &amp; Nic Kaufmann<\/strong><\/li>\n<li>Schauspielerin und Musikerin <strong>Lina Larissa Strahl<\/strong><\/li>\n<\/ul>\n<p>&amp; viele mehr&#8230;<\/p>\n<p><strong><em>Bitte beachten Sie: Das eBook kann maximal 4 Mal innerhalb von 30 Tagen heruntergeladen werden. 4 Mal innerhalb von 30 Tagen heruntergeladen werden. <\/em><\/strong><\/p>\n","protected":false},"excerpt":{"rendered":"<p>TUSH 58 &#8211; Druckausgabe Mit der kommenden Ausgabe widmet sich TUSH dem Werk, nicht nur im klassischen Sinn, sondern als Ursprung von Kreativit\u00e4t, Kultur und Beauty. Das Werk ist der<a href=\"https:\/\/store.tushmagazine.com\/de\/product\/magazine\/tush-58\/\" class=\"d-block breadmore\">Read More<\/a><\/p>\n","protected":false},"featured_media":7892,"template":"","meta":[],"product_brand":[],"product_cat":[44],"product_tag":[82],"class_list":{"0":"post-7941","1":"product","2":"type-product","3":"status-publish","4":"has-post-thumbnail","6":"product_cat-magazine","7":"product_tag-tush-58","8":"product_shipping_class-single-item-de","10":"first","11":"instock","12":"taxable","13":"shipping-taxable","14":"purchasable","15":"product-type-variable"},"yoast_head":"<!-- This site is optimized with the Yoast SEO plugin v26.6 - https:\/\/yoast.com\/wordpress\/plugins\/seo\/ -->\n<title>TUSH 58: DAS WERK<\/title>\n<meta name=\"description\" content=\"Mit der kommenden Ausgabe widmet sich TUSH dem Werk, nicht nur im klassischen Sinn, sondern als Ursprung von Kreativit\u00e4t, Kultur und Beauty. Das Werk ist der Motor f\u00fcr das, was wir Beauty Culture nennen.\" \/>\n<meta name=\"robots\" content=\"index, follow, max-snippet:-1, max-image-preview:large, max-video-preview:-1\" \/>\n<link rel=\"canonical\" href=\"https:\/\/store.tushmagazine.com\/de\/product\/magazine\/tush-58\/\" \/>\n<meta property=\"og:locale\" content=\"de_DE\" \/>\n<meta property=\"og:type\" content=\"article\" \/>\n<meta property=\"og:title\" content=\"TUSH 58: DAS WERK\" \/>\n<meta property=\"og:description\" content=\"Mit der kommenden Ausgabe widmet sich TUSH dem Werk, nicht nur im klassischen Sinn, sondern als Ursprung von Kreativit\u00e4t, Kultur und Beauty. Das Werk ist der Motor f\u00fcr das, was wir Beauty Culture nennen.\" \/>\n<meta property=\"og:url\" content=\"https:\/\/store.tushmagazine.com\/de\/product\/magazine\/tush-58\/\" \/>\n<meta property=\"og:site_name\" content=\"TUSH Store\" \/>\n<meta property=\"article:modified_time\" content=\"2026-04-13T10:54:12+00:00\" \/>\n<meta property=\"og:image\" content=\"https:\/\/store.tushmagazine.com\/wp-content\/uploads\/2026\/04\/TUSH_DAS-WERK_.png\" \/>\n\t<meta property=\"og:image:width\" content=\"924\" \/>\n\t<meta property=\"og:image:height\" content=\"1155\" \/>\n\t<meta property=\"og:image:type\" content=\"image\/png\" \/>\n<meta name=\"twitter:card\" content=\"summary_large_image\" \/>\n<meta name=\"twitter:label1\" content=\"Gesch\u00e4tzte Lesezeit\" \/>\n\t<meta name=\"twitter:data1\" content=\"1\u00a0Minute\" \/>\n<script type=\"application\/ld+json\" class=\"yoast-schema-graph\">{\"@context\":\"https:\/\/schema.org\",\"@graph\":[{\"@type\":\"WebPage\",\"@id\":\"https:\/\/store.tushmagazine.com\/de\/product\/magazine\/tush-58\/\",\"url\":\"https:\/\/store.tushmagazine.com\/de\/product\/magazine\/tush-58\/\",\"name\":\"TUSH 58: DAS WERK\",\"isPartOf\":{\"@id\":\"https:\/\/store.tushmagazine.com\/de\/#website\"},\"primaryImageOfPage\":{\"@id\":\"https:\/\/store.tushmagazine.com\/de\/product\/magazine\/tush-58\/#primaryimage\"},\"image\":{\"@id\":\"https:\/\/store.tushmagazine.com\/de\/product\/magazine\/tush-58\/#primaryimage\"},\"thumbnailUrl\":\"https:\/\/store.tushmagazine.com\/wp-content\/uploads\/2026\/04\/TUSH_DAS-WERK_.png\",\"datePublished\":\"2026-04-11T06:04:03+00:00\",\"dateModified\":\"2026-04-13T10:54:12+00:00\",\"description\":\"Mit der kommenden Ausgabe widmet sich TUSH dem Werk, nicht nur im klassischen Sinn, sondern als Ursprung von Kreativit\u00e4t, Kultur und Beauty. Das Werk ist der Motor f\u00fcr das, was wir Beauty Culture nennen.\",\"breadcrumb\":{\"@id\":\"https:\/\/store.tushmagazine.com\/de\/product\/magazine\/tush-58\/#breadcrumb\"},\"inLanguage\":\"de\",\"potentialAction\":[{\"@type\":\"ReadAction\",\"target\":[\"https:\/\/store.tushmagazine.com\/de\/product\/magazine\/tush-58\/\"]}]},{\"@type\":\"ImageObject\",\"inLanguage\":\"de\",\"@id\":\"https:\/\/store.tushmagazine.com\/de\/product\/magazine\/tush-58\/#primaryimage\",\"url\":\"https:\/\/store.tushmagazine.com\/wp-content\/uploads\/2026\/04\/TUSH_DAS-WERK_.png\",\"contentUrl\":\"https:\/\/store.tushmagazine.com\/wp-content\/uploads\/2026\/04\/TUSH_DAS-WERK_.png\",\"width\":924,\"height\":1155,\"caption\":\"TUSH 58 DAS Werk eBook\"},{\"@type\":\"BreadcrumbList\",\"@id\":\"https:\/\/store.tushmagazine.com\/de\/product\/magazine\/tush-58\/#breadcrumb\",\"itemListElement\":[{\"@type\":\"ListItem\",\"position\":1,\"name\":\"Startseite\",\"item\":\"https:\/\/store.tushmagazine.com\/de\/\"},{\"@type\":\"ListItem\",\"position\":2,\"name\":\"Shop DE\",\"item\":\"https:\/\/store.tushmagazine.com\/de\/\"},{\"@type\":\"ListItem\",\"position\":3,\"name\":\"TUSH 58\"}]},{\"@type\":\"WebSite\",\"@id\":\"https:\/\/store.tushmagazine.com\/de\/#website\",\"url\":\"https:\/\/store.tushmagazine.com\/de\/\",\"name\":\"TUSH Store\",\"description\":\"\",\"publisher\":{\"@id\":\"https:\/\/store.tushmagazine.com\/de\/#organization\"},\"potentialAction\":[{\"@type\":\"SearchAction\",\"target\":{\"@type\":\"EntryPoint\",\"urlTemplate\":\"https:\/\/store.tushmagazine.com\/de\/?s={search_term_string}\"},\"query-input\":{\"@type\":\"PropertyValueSpecification\",\"valueRequired\":true,\"valueName\":\"search_term_string\"}}],\"inLanguage\":\"de\"},{\"@type\":\"Organization\",\"@id\":\"https:\/\/store.tushmagazine.com\/de\/#organization\",\"name\":\"TUSH Store\",\"url\":\"https:\/\/store.tushmagazine.com\/de\/\",\"logo\":{\"@type\":\"ImageObject\",\"inLanguage\":\"de\",\"@id\":\"https:\/\/store.tushmagazine.com\/de\/#\/schema\/logo\/image\/\",\"url\":\"https:\/\/store.tushmagazine.com\/wp-content\/uploads\/2022\/05\/TUSH2022_Logo-white-e1651507122891.png\",\"contentUrl\":\"https:\/\/store.tushmagazine.com\/wp-content\/uploads\/2022\/05\/TUSH2022_Logo-white-e1651507122891.png\",\"width\":960,\"height\":180,\"caption\":\"TUSH Store\"},\"image\":{\"@id\":\"https:\/\/store.tushmagazine.com\/de\/#\/schema\/logo\/image\/\"}}]}<\/script>\n<!-- \/ Yoast SEO plugin. -->","yoast_head_json":{"title":"TUSH 58: DAS WERK","description":"Mit der kommenden Ausgabe widmet sich TUSH dem Werk, nicht nur im klassischen Sinn, sondern als Ursprung von Kreativit\u00e4t, Kultur und Beauty. Das Werk ist der Motor f\u00fcr das, was wir Beauty Culture nennen.","robots":{"index":"index","follow":"follow","max-snippet":"max-snippet:-1","max-image-preview":"max-image-preview:large","max-video-preview":"max-video-preview:-1"},"canonical":"https:\/\/store.tushmagazine.com\/de\/product\/magazine\/tush-58\/","og_locale":"de_DE","og_type":"article","og_title":"TUSH 58: DAS WERK","og_description":"Mit der kommenden Ausgabe widmet sich TUSH dem Werk, nicht nur im klassischen Sinn, sondern als Ursprung von Kreativit\u00e4t, Kultur und Beauty. Das Werk ist der Motor f\u00fcr das, was wir Beauty Culture nennen.","og_url":"https:\/\/store.tushmagazine.com\/de\/product\/magazine\/tush-58\/","og_site_name":"TUSH Store","article_modified_time":"2026-04-13T10:54:12+00:00","og_image":[{"width":924,"height":1155,"url":"https:\/\/store.tushmagazine.com\/wp-content\/uploads\/2026\/04\/TUSH_DAS-WERK_.png","type":"image\/png"}],"twitter_card":"summary_large_image","twitter_misc":{"Gesch\u00e4tzte Lesezeit":"1\u00a0Minute"},"schema":{"@context":"https:\/\/schema.org","@graph":[{"@type":"WebPage","@id":"https:\/\/store.tushmagazine.com\/de\/product\/magazine\/tush-58\/","url":"https:\/\/store.tushmagazine.com\/de\/product\/magazine\/tush-58\/","name":"TUSH 58: DAS WERK","isPartOf":{"@id":"https:\/\/store.tushmagazine.com\/de\/#website"},"primaryImageOfPage":{"@id":"https:\/\/store.tushmagazine.com\/de\/product\/magazine\/tush-58\/#primaryimage"},"image":{"@id":"https:\/\/store.tushmagazine.com\/de\/product\/magazine\/tush-58\/#primaryimage"},"thumbnailUrl":"https:\/\/store.tushmagazine.com\/wp-content\/uploads\/2026\/04\/TUSH_DAS-WERK_.png","datePublished":"2026-04-11T06:04:03+00:00","dateModified":"2026-04-13T10:54:12+00:00","description":"Mit der kommenden Ausgabe widmet sich TUSH dem Werk, nicht nur im klassischen Sinn, sondern als Ursprung von Kreativit\u00e4t, Kultur und Beauty. Das Werk ist der Motor f\u00fcr das, was wir Beauty Culture nennen.","breadcrumb":{"@id":"https:\/\/store.tushmagazine.com\/de\/product\/magazine\/tush-58\/#breadcrumb"},"inLanguage":"de","potentialAction":[{"@type":"ReadAction","target":["https:\/\/store.tushmagazine.com\/de\/product\/magazine\/tush-58\/"]}]},{"@type":"ImageObject","inLanguage":"de","@id":"https:\/\/store.tushmagazine.com\/de\/product\/magazine\/tush-58\/#primaryimage","url":"https:\/\/store.tushmagazine.com\/wp-content\/uploads\/2026\/04\/TUSH_DAS-WERK_.png","contentUrl":"https:\/\/store.tushmagazine.com\/wp-content\/uploads\/2026\/04\/TUSH_DAS-WERK_.png","width":924,"height":1155,"caption":"TUSH 58 DAS Werk eBook"},{"@type":"BreadcrumbList","@id":"https:\/\/store.tushmagazine.com\/de\/product\/magazine\/tush-58\/#breadcrumb","itemListElement":[{"@type":"ListItem","position":1,"name":"Startseite","item":"https:\/\/store.tushmagazine.com\/de\/"},{"@type":"ListItem","position":2,"name":"Shop DE","item":"https:\/\/store.tushmagazine.com\/de\/"},{"@type":"ListItem","position":3,"name":"TUSH 58"}]},{"@type":"WebSite","@id":"https:\/\/store.tushmagazine.com\/de\/#website","url":"https:\/\/store.tushmagazine.com\/de\/","name":"TUSH Store","description":"","publisher":{"@id":"https:\/\/store.tushmagazine.com\/de\/#organization"},"potentialAction":[{"@type":"SearchAction","target":{"@type":"EntryPoint","urlTemplate":"https:\/\/store.tushmagazine.com\/de\/?s={search_term_string}"},"query-input":{"@type":"PropertyValueSpecification","valueRequired":true,"valueName":"search_term_string"}}],"inLanguage":"de"},{"@type":"Organization","@id":"https:\/\/store.tushmagazine.com\/de\/#organization","name":"TUSH Store","url":"https:\/\/store.tushmagazine.com\/de\/","logo":{"@type":"ImageObject","inLanguage":"de","@id":"https:\/\/store.tushmagazine.com\/de\/#\/schema\/logo\/image\/","url":"https:\/\/store.tushmagazine.com\/wp-content\/uploads\/2022\/05\/TUSH2022_Logo-white-e1651507122891.png","contentUrl":"https:\/\/store.tushmagazine.com\/wp-content\/uploads\/2022\/05\/TUSH2022_Logo-white-e1651507122891.png","width":960,"height":180,"caption":"TUSH Store"},"image":{"@id":"https:\/\/store.tushmagazine.com\/de\/#\/schema\/logo\/image\/"}}]}},"_links":{"self":[{"href":"https:\/\/store.tushmagazine.com\/de\/wp-json\/wp\/v2\/product\/7941","targetHints":{"allow":["GET"]}}],"collection":[{"href":"https:\/\/store.tushmagazine.com\/de\/wp-json\/wp\/v2\/product"}],"about":[{"href":"https:\/\/store.tushmagazine.com\/de\/wp-json\/wp\/v2\/types\/product"}],"wp:featuredmedia":[{"embeddable":true,"href":"https:\/\/store.tushmagazine.com\/de\/wp-json\/wp\/v2\/media\/7892"}],"wp:attachment":[{"href":"https:\/\/store.tushmagazine.com\/de\/wp-json\/wp\/v2\/media?parent=7941"}],"wp:term":[{"taxonomy":"product_brand","embeddable":true,"href":"https:\/\/store.tushmagazine.com\/de\/wp-json\/wp\/v2\/product_brand?post=7941"},{"taxonomy":"product_cat","embeddable":true,"href":"https:\/\/store.tushmagazine.com\/de\/wp-json\/wp\/v2\/product_cat?post=7941"},{"taxonomy":"product_tag","embeddable":true,"href":"https:\/\/store.tushmagazine.com\/de\/wp-json\/wp\/v2\/product_tag?post=7941"}],"curies":[{"name":"wp","href":"https:\/\/api.w.org\/{rel}","templated":true}]}}