{"id":777,"date":"2021-09-28T00:24:26","date_gmt":"2021-09-27T22:24:26","guid":{"rendered":"https:\/\/store.tushmagazine.com\/?post_type=product&#038;p=777"},"modified":"2025-12-03T12:46:24","modified_gmt":"2025-12-03T11:46:24","slug":"tush-45","status":"publish","type":"product","link":"https:\/\/store.tushmagazine.com\/de\/product\/magazine\/tush-45\/","title":{"rendered":"TUSH 45 \u2013 GANZE AUSGABE + ALLE COVER \u2013 eBOOK"},"content":{"rendered":"<p><strong>TUSH 45 \u2013 eBook<\/strong><\/p>\n<p>Absurde Abenteuer, fantasievolle Fabeln und provokante Handlungen, skurrile Kreaturen und m\u00e4chtige Prinzessinnen: TUSH 45 ist eine unendliche Geschichte.<br \/>\nUnd ein M\u00e4rchen \u00fcber die Sch\u00f6nheit &#8211; mit Anspielungen auf klassische Grimm-M\u00e4rchen wie Rotk\u00e4ppchen, Spielen zwischen Gut und B\u00f6se, Realit\u00e4t und Surrealit\u00e4t, Helden und Schurken.<br \/>\nVon Designer Stephen Jones \u00fcber Stylist Franco Colucci, Tierrechtsaktivistin Kenya Kinski-Jones, Drags wie Miss Fame und Hungry, Fotograf*innen wie Mous Lambrat und Laura Okita,<br \/>\nMake-up-Ikonen wie Ryan Burke und Branchenpioniere wie Matthew Malin und Andrew Goetz: Wir erschaffen eine neue Welt durch Bilder und Worte. Und eine unendliche Geschichte &#8211; zu tr\u00e4umen, zu sehen, zu f\u00fchlen &#8230;<\/p>\n<p>Specs<br \/>\n\u2022 336 Seiten \u00fcber Beauty in Wort und Bild<br \/>\n\u2022 12 individuelle Sammelcover<br \/>\n\u2022 hergestellt in Deutschland<\/p>\n<p><em>Hinweis: Das eBook kann max. 4 x innerhalb des angegebenen Zeitraums heruntergeladen werden.<\/em><\/p>\n","protected":false},"excerpt":{"rendered":"<p>TUSH 45 \u2013 eBook Absurde Abenteuer, fantasievolle Fabeln und provokante Handlungen, skurrile Kreaturen und m\u00e4chtige Prinzessinnen: TUSH 45 ist eine unendliche Geschichte. Und ein M\u00e4rchen \u00fcber die Sch\u00f6nheit &#8211; mit<a href=\"https:\/\/store.tushmagazine.com\/de\/product\/magazine\/tush-45\/\" class=\"d-block breadmore\">Read More<\/a><\/p>\n","protected":false},"featured_media":222,"template":"","meta":[],"product_brand":[],"product_cat":[44],"product_tag":[],"class_list":{"0":"post-777","1":"product","2":"type-product","3":"status-publish","4":"has-post-thumbnail","6":"product_cat-magazine","8":"first","9":"instock","10":"downloadable","11":"virtual","12":"taxable","13":"purchasable","14":"product-type-simple"},"yoast_head":"<!-- This site is optimized with the Yoast SEO plugin v26.6 - https:\/\/yoast.com\/wordpress\/plugins\/seo\/ -->\n<title>TUSH 45 eBook: NEVER-ENDING STORY<\/title>\n<meta name=\"robots\" content=\"index, follow, max-snippet:-1, max-image-preview:large, max-video-preview:-1\" \/>\n<link rel=\"canonical\" href=\"https:\/\/store.tushmagazine.com\/de\/product\/magazine\/tush-45\/\" \/>\n<meta property=\"og:locale\" content=\"de_DE\" \/>\n<meta property=\"og:type\" content=\"article\" \/>\n<meta property=\"og:title\" content=\"TUSH 45 eBook: NEVER-ENDING STORY\" \/>\n<meta property=\"og:description\" content=\"TUSH 45 \u2013 eBook Absurde Abenteuer, fantasievolle Fabeln und provokante Handlungen, skurrile Kreaturen und m\u00e4chtige Prinzessinnen: TUSH 45 ist eine unendliche Geschichte. Und ein M\u00e4rchen \u00fcber die Sch\u00f6nheit &#8211; mitRead More\" \/>\n<meta property=\"og:url\" content=\"https:\/\/store.tushmagazine.com\/de\/product\/magazine\/tush-45\/\" \/>\n<meta property=\"og:site_name\" content=\"TUSH Store\" \/>\n<meta property=\"article:modified_time\" content=\"2025-12-03T11:46:24+00:00\" \/>\n<meta name=\"twitter:card\" content=\"summary_large_image\" \/>\n<meta name=\"twitter:label1\" content=\"Gesch\u00e4tzte Lesezeit\" \/>\n\t<meta name=\"twitter:data1\" content=\"1\u00a0Minute\" \/>\n<script type=\"application\/ld+json\" class=\"yoast-schema-graph\">{\"@context\":\"https:\/\/schema.org\",\"@graph\":[{\"@type\":\"WebPage\",\"@id\":\"https:\/\/store.tushmagazine.com\/de\/product\/magazine\/tush-45\/\",\"url\":\"https:\/\/store.tushmagazine.com\/de\/product\/magazine\/tush-45\/\",\"name\":\"TUSH 45 eBook: NEVER-ENDING STORY\",\"isPartOf\":{\"@id\":\"https:\/\/store.tushmagazine.com\/de\/#website\"},\"primaryImageOfPage\":{\"@id\":\"https:\/\/store.tushmagazine.com\/de\/product\/magazine\/tush-45\/#primaryimage\"},\"image\":{\"@id\":\"https:\/\/store.tushmagazine.com\/de\/product\/magazine\/tush-45\/#primaryimage\"},\"thumbnailUrl\":\"https:\/\/store.tushmagazine.com\/wp-content\/uploads\/2021\/10\/T45_eBook.png\",\"datePublished\":\"2021-09-27T22:24:26+00:00\",\"dateModified\":\"2025-12-03T11:46:24+00:00\",\"breadcrumb\":{\"@id\":\"https:\/\/store.tushmagazine.com\/de\/product\/magazine\/tush-45\/#breadcrumb\"},\"inLanguage\":\"de\",\"potentialAction\":[{\"@type\":\"ReadAction\",\"target\":[\"https:\/\/store.tushmagazine.com\/de\/product\/magazine\/tush-45\/\"]}]},{\"@type\":\"ImageObject\",\"inLanguage\":\"de\",\"@id\":\"https:\/\/store.tushmagazine.com\/de\/product\/magazine\/tush-45\/#primaryimage\",\"url\":\"https:\/\/store.tushmagazine.com\/wp-content\/uploads\/2021\/10\/T45_eBook.png\",\"contentUrl\":\"https:\/\/store.tushmagazine.com\/wp-content\/uploads\/2021\/10\/T45_eBook.png\",\"width\":800,\"height\":1034,\"caption\":\"T45_eBook\"},{\"@type\":\"BreadcrumbList\",\"@id\":\"https:\/\/store.tushmagazine.com\/de\/product\/magazine\/tush-45\/#breadcrumb\",\"itemListElement\":[{\"@type\":\"ListItem\",\"position\":1,\"name\":\"Startseite\",\"item\":\"https:\/\/store.tushmagazine.com\/de\/\"},{\"@type\":\"ListItem\",\"position\":2,\"name\":\"Shop DE\",\"item\":\"https:\/\/store.tushmagazine.com\/de\/\"},{\"@type\":\"ListItem\",\"position\":3,\"name\":\"TUSH 45 \u2013 GANZE AUSGABE + ALLE COVER \u2013 eBOOK\"}]},{\"@type\":\"WebSite\",\"@id\":\"https:\/\/store.tushmagazine.com\/de\/#website\",\"url\":\"https:\/\/store.tushmagazine.com\/de\/\",\"name\":\"TUSH Store\",\"description\":\"\",\"publisher\":{\"@id\":\"https:\/\/store.tushmagazine.com\/de\/#organization\"},\"potentialAction\":[{\"@type\":\"SearchAction\",\"target\":{\"@type\":\"EntryPoint\",\"urlTemplate\":\"https:\/\/store.tushmagazine.com\/de\/?s={search_term_string}\"},\"query-input\":{\"@type\":\"PropertyValueSpecification\",\"valueRequired\":true,\"valueName\":\"search_term_string\"}}],\"inLanguage\":\"de\"},{\"@type\":\"Organization\",\"@id\":\"https:\/\/store.tushmagazine.com\/de\/#organization\",\"name\":\"TUSH Store\",\"url\":\"https:\/\/store.tushmagazine.com\/de\/\",\"logo\":{\"@type\":\"ImageObject\",\"inLanguage\":\"de\",\"@id\":\"https:\/\/store.tushmagazine.com\/de\/#\/schema\/logo\/image\/\",\"url\":\"https:\/\/store.tushmagazine.com\/wp-content\/uploads\/2022\/05\/TUSH2022_Logo-white-e1651507122891.png\",\"contentUrl\":\"https:\/\/store.tushmagazine.com\/wp-content\/uploads\/2022\/05\/TUSH2022_Logo-white-e1651507122891.png\",\"width\":960,\"height\":180,\"caption\":\"TUSH Store\"},\"image\":{\"@id\":\"https:\/\/store.tushmagazine.com\/de\/#\/schema\/logo\/image\/\"}}]}<\/script>\n<!-- \/ Yoast SEO plugin. -->","yoast_head_json":{"title":"TUSH 45 eBook: NEVER-ENDING STORY","robots":{"index":"index","follow":"follow","max-snippet":"max-snippet:-1","max-image-preview":"max-image-preview:large","max-video-preview":"max-video-preview:-1"},"canonical":"https:\/\/store.tushmagazine.com\/de\/product\/magazine\/tush-45\/","og_locale":"de_DE","og_type":"article","og_title":"TUSH 45 eBook: NEVER-ENDING STORY","og_description":"TUSH 45 \u2013 eBook Absurde Abenteuer, fantasievolle Fabeln und provokante Handlungen, skurrile Kreaturen und m\u00e4chtige Prinzessinnen: TUSH 45 ist eine unendliche Geschichte. Und ein M\u00e4rchen \u00fcber die Sch\u00f6nheit &#8211; mitRead More","og_url":"https:\/\/store.tushmagazine.com\/de\/product\/magazine\/tush-45\/","og_site_name":"TUSH Store","article_modified_time":"2025-12-03T11:46:24+00:00","twitter_card":"summary_large_image","twitter_misc":{"Gesch\u00e4tzte Lesezeit":"1\u00a0Minute"},"schema":{"@context":"https:\/\/schema.org","@graph":[{"@type":"WebPage","@id":"https:\/\/store.tushmagazine.com\/de\/product\/magazine\/tush-45\/","url":"https:\/\/store.tushmagazine.com\/de\/product\/magazine\/tush-45\/","name":"TUSH 45 eBook: NEVER-ENDING STORY","isPartOf":{"@id":"https:\/\/store.tushmagazine.com\/de\/#website"},"primaryImageOfPage":{"@id":"https:\/\/store.tushmagazine.com\/de\/product\/magazine\/tush-45\/#primaryimage"},"image":{"@id":"https:\/\/store.tushmagazine.com\/de\/product\/magazine\/tush-45\/#primaryimage"},"thumbnailUrl":"https:\/\/store.tushmagazine.com\/wp-content\/uploads\/2021\/10\/T45_eBook.png","datePublished":"2021-09-27T22:24:26+00:00","dateModified":"2025-12-03T11:46:24+00:00","breadcrumb":{"@id":"https:\/\/store.tushmagazine.com\/de\/product\/magazine\/tush-45\/#breadcrumb"},"inLanguage":"de","potentialAction":[{"@type":"ReadAction","target":["https:\/\/store.tushmagazine.com\/de\/product\/magazine\/tush-45\/"]}]},{"@type":"ImageObject","inLanguage":"de","@id":"https:\/\/store.tushmagazine.com\/de\/product\/magazine\/tush-45\/#primaryimage","url":"https:\/\/store.tushmagazine.com\/wp-content\/uploads\/2021\/10\/T45_eBook.png","contentUrl":"https:\/\/store.tushmagazine.com\/wp-content\/uploads\/2021\/10\/T45_eBook.png","width":800,"height":1034,"caption":"T45_eBook"},{"@type":"BreadcrumbList","@id":"https:\/\/store.tushmagazine.com\/de\/product\/magazine\/tush-45\/#breadcrumb","itemListElement":[{"@type":"ListItem","position":1,"name":"Startseite","item":"https:\/\/store.tushmagazine.com\/de\/"},{"@type":"ListItem","position":2,"name":"Shop DE","item":"https:\/\/store.tushmagazine.com\/de\/"},{"@type":"ListItem","position":3,"name":"TUSH 45 \u2013 GANZE AUSGABE + ALLE COVER \u2013 eBOOK"}]},{"@type":"WebSite","@id":"https:\/\/store.tushmagazine.com\/de\/#website","url":"https:\/\/store.tushmagazine.com\/de\/","name":"TUSH Store","description":"","publisher":{"@id":"https:\/\/store.tushmagazine.com\/de\/#organization"},"potentialAction":[{"@type":"SearchAction","target":{"@type":"EntryPoint","urlTemplate":"https:\/\/store.tushmagazine.com\/de\/?s={search_term_string}"},"query-input":{"@type":"PropertyValueSpecification","valueRequired":true,"valueName":"search_term_string"}}],"inLanguage":"de"},{"@type":"Organization","@id":"https:\/\/store.tushmagazine.com\/de\/#organization","name":"TUSH Store","url":"https:\/\/store.tushmagazine.com\/de\/","logo":{"@type":"ImageObject","inLanguage":"de","@id":"https:\/\/store.tushmagazine.com\/de\/#\/schema\/logo\/image\/","url":"https:\/\/store.tushmagazine.com\/wp-content\/uploads\/2022\/05\/TUSH2022_Logo-white-e1651507122891.png","contentUrl":"https:\/\/store.tushmagazine.com\/wp-content\/uploads\/2022\/05\/TUSH2022_Logo-white-e1651507122891.png","width":960,"height":180,"caption":"TUSH Store"},"image":{"@id":"https:\/\/store.tushmagazine.com\/de\/#\/schema\/logo\/image\/"}}]}},"_links":{"self":[{"href":"https:\/\/store.tushmagazine.com\/de\/wp-json\/wp\/v2\/product\/777","targetHints":{"allow":["GET"]}}],"collection":[{"href":"https:\/\/store.tushmagazine.com\/de\/wp-json\/wp\/v2\/product"}],"about":[{"href":"https:\/\/store.tushmagazine.com\/de\/wp-json\/wp\/v2\/types\/product"}],"wp:featuredmedia":[{"embeddable":true,"href":"https:\/\/store.tushmagazine.com\/de\/wp-json\/wp\/v2\/media\/222"}],"wp:attachment":[{"href":"https:\/\/store.tushmagazine.com\/de\/wp-json\/wp\/v2\/media?parent=777"}],"wp:term":[{"taxonomy":"product_brand","embeddable":true,"href":"https:\/\/store.tushmagazine.com\/de\/wp-json\/wp\/v2\/product_brand?post=777"},{"taxonomy":"product_cat","embeddable":true,"href":"https:\/\/store.tushmagazine.com\/de\/wp-json\/wp\/v2\/product_cat?post=777"},{"taxonomy":"product_tag","embeddable":true,"href":"https:\/\/store.tushmagazine.com\/de\/wp-json\/wp\/v2\/product_tag?post=777"}],"curies":[{"name":"wp","href":"https:\/\/api.w.org\/{rel}","templated":true}]}}