{"id":727,"date":"2021-10-14T17:25:05","date_gmt":"2022-03-30T14:50:43","guid":{"rendered":"https:\/\/store.tushmagazine.com\/?post_type=product&#038;p=727"},"modified":"2025-01-08T09:43:04","modified_gmt":"2025-01-08T08:43:04","slug":"irony","status":"publish","type":"product","link":"https:\/\/store.tushmagazine.com\/de\/product\/art-book\/irony\/","title":{"rendered":"IRONY"},"content":{"rendered":"<h4><strong>Jedem Buch, das Sie in unserem Shop kaufen, liegt eine pers\u00f6nliche Notiz des TUSH-Verlegers und Fotografen Armin Morbach bei. F\u00fcllen Sie einfach das Feld &#8222;Anmerkungen oder Hinweise&#8220; mit einem kurzen Text oder Namen aus und der Fotograf f\u00fcgt Ihrem Exemplar eine handschriftliche Notiz hinzu.<\/strong><\/h4>\n<p><em>Armin Morbach &#8211; Ein Name wird zur Marke<\/em><\/p>\n<p>Seit mehr als f\u00fcnfundzwanzig Jahren definiert Armin Morbach (geb. 1971 in Haag, Bayern, lebt in Hamburg, arbeitet weltweit) eine visuelle \u00c4sthetik, die in allem das Sch\u00f6ne findet. Der Herausgeber der Zeitschrift TUSH, Hair- und Make-up-Artist f\u00fcr Modenschauen und Fotoshootings, Trendvision\u00e4r und Haarexperte hat einen international anerkannten und nachgeahmten Stil entwickelt. Mit seinem Gesp\u00fcr f\u00fcr das individuelle Potenzial und seinem interdisziplin\u00e4ren Ansatz liefert er kreativen Input und entwickelt spannende visuelle L\u00f6sungen f\u00fcr Models und auf dem Papier.<\/p>\n<p>Seit 2007 arbeitet Morbach auch hinter der Kamera als Fotograf. Der kreative Ehrgeiz und die expressive Energie, die sich in seinen anderen Unternehmungen manifestieren, sind auch in seinen Bildern zu sp\u00fcren. Sparsam elegante Kompositionen spielen mit \u00dcbertreibungen und dem Unbewussten; eine unnachahmliche Bildsprache verunsichert und provoziert den Betrachtenden. Morbachs Fotografien, die auch in viel beachteten Ausstellungen pr\u00e4sentiert wurden, haben ihm schnell weltweite Bekanntheit verschafft. In seinem ersten Buch mit dem Titel IRONY kr\u00f6nt Armin Morbach sein erstes Jahrzehnt als Fotograf mit einem pers\u00f6nlichen Blick hinter die Kulissen des Beauty- und Modebusiness. Mit Essays von Christiane Arp, Anke Degenhard, F.C. Gundlach, Wolfgang Joop und dem Redaktionsteam von TUSH.<\/p>\n","protected":false},"excerpt":{"rendered":"<p>Jedem Buch, das Sie in unserem Shop kaufen, liegt eine pers\u00f6nliche Notiz des TUSH-Verlegers und Fotografen Armin Morbach bei. F\u00fcllen Sie einfach das Feld &#8222;Anmerkungen oder Hinweise&#8220; mit einem kurzen<a href=\"https:\/\/store.tushmagazine.com\/de\/product\/art-book\/irony\/\" class=\"d-block breadmore\">Read More<\/a><\/p>\n","protected":false},"featured_media":568,"template":"","meta":[],"product_brand":[],"product_cat":[46],"product_tag":[],"class_list":{"0":"post-727","1":"product","2":"type-product","3":"status-publish","4":"has-post-thumbnail","6":"product_cat-art-book","8":"first","9":"outofstock","10":"sale","11":"taxable","12":"shipping-taxable","13":"purchasable","14":"product-type-simple"},"yoast_head":"<!-- This site is optimized with the Yoast SEO plugin v26.6 - https:\/\/yoast.com\/wordpress\/plugins\/seo\/ -->\n<title>IRONY - TUSH Store<\/title>\n<meta name=\"robots\" content=\"index, follow, max-snippet:-1, max-image-preview:large, max-video-preview:-1\" \/>\n<link rel=\"canonical\" href=\"https:\/\/store.tushmagazine.com\/de\/product\/art-book\/irony\/\" \/>\n<meta property=\"og:locale\" content=\"de_DE\" \/>\n<meta property=\"og:type\" content=\"article\" \/>\n<meta property=\"og:title\" content=\"IRONY - TUSH Store\" \/>\n<meta property=\"og:description\" content=\"Jedem Buch, das Sie in unserem Shop kaufen, liegt eine pers\u00f6nliche Notiz des TUSH-Verlegers und Fotografen Armin Morbach bei. F\u00fcllen Sie einfach das Feld &#8222;Anmerkungen oder Hinweise&#8220; mit einem kurzenRead More\" \/>\n<meta property=\"og:url\" content=\"https:\/\/store.tushmagazine.com\/de\/product\/art-book\/irony\/\" \/>\n<meta property=\"og:site_name\" content=\"TUSH Store\" \/>\n<meta property=\"article:modified_time\" content=\"2025-01-08T08:43:04+00:00\" \/>\n<meta name=\"twitter:card\" content=\"summary_large_image\" \/>\n<meta name=\"twitter:label1\" content=\"Gesch\u00e4tzte Lesezeit\" \/>\n\t<meta name=\"twitter:data1\" content=\"2\u00a0Minuten\" \/>\n<script type=\"application\/ld+json\" class=\"yoast-schema-graph\">{\"@context\":\"https:\/\/schema.org\",\"@graph\":[{\"@type\":\"WebPage\",\"@id\":\"https:\/\/store.tushmagazine.com\/de\/product\/art-book\/irony\/\",\"url\":\"https:\/\/store.tushmagazine.com\/de\/product\/art-book\/irony\/\",\"name\":\"IRONY - TUSH Store\",\"isPartOf\":{\"@id\":\"https:\/\/store.tushmagazine.com\/de\/#website\"},\"primaryImageOfPage\":{\"@id\":\"https:\/\/store.tushmagazine.com\/de\/product\/art-book\/irony\/#primaryimage\"},\"image\":{\"@id\":\"https:\/\/store.tushmagazine.com\/de\/product\/art-book\/irony\/#primaryimage\"},\"thumbnailUrl\":\"https:\/\/store.tushmagazine.com\/wp-content\/uploads\/2021\/10\/IRONY_Cover_LORES_3.png\",\"datePublished\":\"2022-03-30T14:50:43+00:00\",\"dateModified\":\"2025-01-08T08:43:04+00:00\",\"breadcrumb\":{\"@id\":\"https:\/\/store.tushmagazine.com\/de\/product\/art-book\/irony\/#breadcrumb\"},\"inLanguage\":\"de\",\"potentialAction\":[{\"@type\":\"ReadAction\",\"target\":[\"https:\/\/store.tushmagazine.com\/de\/product\/art-book\/irony\/\"]}]},{\"@type\":\"ImageObject\",\"inLanguage\":\"de\",\"@id\":\"https:\/\/store.tushmagazine.com\/de\/product\/art-book\/irony\/#primaryimage\",\"url\":\"https:\/\/store.tushmagazine.com\/wp-content\/uploads\/2021\/10\/IRONY_Cover_LORES_3.png\",\"contentUrl\":\"https:\/\/store.tushmagazine.com\/wp-content\/uploads\/2021\/10\/IRONY_Cover_LORES_3.png\",\"width\":645,\"height\":857,\"caption\":\"IRONY Cover\"},{\"@type\":\"BreadcrumbList\",\"@id\":\"https:\/\/store.tushmagazine.com\/de\/product\/art-book\/irony\/#breadcrumb\",\"itemListElement\":[{\"@type\":\"ListItem\",\"position\":1,\"name\":\"Startseite\",\"item\":\"https:\/\/store.tushmagazine.com\/de\/\"},{\"@type\":\"ListItem\",\"position\":2,\"name\":\"Shop DE\",\"item\":\"https:\/\/store.tushmagazine.com\/de\/\"},{\"@type\":\"ListItem\",\"position\":3,\"name\":\"IRONY\"}]},{\"@type\":\"WebSite\",\"@id\":\"https:\/\/store.tushmagazine.com\/de\/#website\",\"url\":\"https:\/\/store.tushmagazine.com\/de\/\",\"name\":\"TUSH Store\",\"description\":\"\",\"publisher\":{\"@id\":\"https:\/\/store.tushmagazine.com\/de\/#organization\"},\"potentialAction\":[{\"@type\":\"SearchAction\",\"target\":{\"@type\":\"EntryPoint\",\"urlTemplate\":\"https:\/\/store.tushmagazine.com\/de\/?s={search_term_string}\"},\"query-input\":{\"@type\":\"PropertyValueSpecification\",\"valueRequired\":true,\"valueName\":\"search_term_string\"}}],\"inLanguage\":\"de\"},{\"@type\":\"Organization\",\"@id\":\"https:\/\/store.tushmagazine.com\/de\/#organization\",\"name\":\"TUSH Store\",\"url\":\"https:\/\/store.tushmagazine.com\/de\/\",\"logo\":{\"@type\":\"ImageObject\",\"inLanguage\":\"de\",\"@id\":\"https:\/\/store.tushmagazine.com\/de\/#\/schema\/logo\/image\/\",\"url\":\"https:\/\/store.tushmagazine.com\/wp-content\/uploads\/2022\/05\/TUSH2022_Logo-white-e1651507122891.png\",\"contentUrl\":\"https:\/\/store.tushmagazine.com\/wp-content\/uploads\/2022\/05\/TUSH2022_Logo-white-e1651507122891.png\",\"width\":960,\"height\":180,\"caption\":\"TUSH Store\"},\"image\":{\"@id\":\"https:\/\/store.tushmagazine.com\/de\/#\/schema\/logo\/image\/\"}}]}<\/script>\n<!-- \/ Yoast SEO plugin. -->","yoast_head_json":{"title":"IRONY - TUSH Store","robots":{"index":"index","follow":"follow","max-snippet":"max-snippet:-1","max-image-preview":"max-image-preview:large","max-video-preview":"max-video-preview:-1"},"canonical":"https:\/\/store.tushmagazine.com\/de\/product\/art-book\/irony\/","og_locale":"de_DE","og_type":"article","og_title":"IRONY - TUSH Store","og_description":"Jedem Buch, das Sie in unserem Shop kaufen, liegt eine pers\u00f6nliche Notiz des TUSH-Verlegers und Fotografen Armin Morbach bei. F\u00fcllen Sie einfach das Feld &#8222;Anmerkungen oder Hinweise&#8220; mit einem kurzenRead More","og_url":"https:\/\/store.tushmagazine.com\/de\/product\/art-book\/irony\/","og_site_name":"TUSH Store","article_modified_time":"2025-01-08T08:43:04+00:00","twitter_card":"summary_large_image","twitter_misc":{"Gesch\u00e4tzte Lesezeit":"2\u00a0Minuten"},"schema":{"@context":"https:\/\/schema.org","@graph":[{"@type":"WebPage","@id":"https:\/\/store.tushmagazine.com\/de\/product\/art-book\/irony\/","url":"https:\/\/store.tushmagazine.com\/de\/product\/art-book\/irony\/","name":"IRONY - TUSH Store","isPartOf":{"@id":"https:\/\/store.tushmagazine.com\/de\/#website"},"primaryImageOfPage":{"@id":"https:\/\/store.tushmagazine.com\/de\/product\/art-book\/irony\/#primaryimage"},"image":{"@id":"https:\/\/store.tushmagazine.com\/de\/product\/art-book\/irony\/#primaryimage"},"thumbnailUrl":"https:\/\/store.tushmagazine.com\/wp-content\/uploads\/2021\/10\/IRONY_Cover_LORES_3.png","datePublished":"2022-03-30T14:50:43+00:00","dateModified":"2025-01-08T08:43:04+00:00","breadcrumb":{"@id":"https:\/\/store.tushmagazine.com\/de\/product\/art-book\/irony\/#breadcrumb"},"inLanguage":"de","potentialAction":[{"@type":"ReadAction","target":["https:\/\/store.tushmagazine.com\/de\/product\/art-book\/irony\/"]}]},{"@type":"ImageObject","inLanguage":"de","@id":"https:\/\/store.tushmagazine.com\/de\/product\/art-book\/irony\/#primaryimage","url":"https:\/\/store.tushmagazine.com\/wp-content\/uploads\/2021\/10\/IRONY_Cover_LORES_3.png","contentUrl":"https:\/\/store.tushmagazine.com\/wp-content\/uploads\/2021\/10\/IRONY_Cover_LORES_3.png","width":645,"height":857,"caption":"IRONY Cover"},{"@type":"BreadcrumbList","@id":"https:\/\/store.tushmagazine.com\/de\/product\/art-book\/irony\/#breadcrumb","itemListElement":[{"@type":"ListItem","position":1,"name":"Startseite","item":"https:\/\/store.tushmagazine.com\/de\/"},{"@type":"ListItem","position":2,"name":"Shop DE","item":"https:\/\/store.tushmagazine.com\/de\/"},{"@type":"ListItem","position":3,"name":"IRONY"}]},{"@type":"WebSite","@id":"https:\/\/store.tushmagazine.com\/de\/#website","url":"https:\/\/store.tushmagazine.com\/de\/","name":"TUSH Store","description":"","publisher":{"@id":"https:\/\/store.tushmagazine.com\/de\/#organization"},"potentialAction":[{"@type":"SearchAction","target":{"@type":"EntryPoint","urlTemplate":"https:\/\/store.tushmagazine.com\/de\/?s={search_term_string}"},"query-input":{"@type":"PropertyValueSpecification","valueRequired":true,"valueName":"search_term_string"}}],"inLanguage":"de"},{"@type":"Organization","@id":"https:\/\/store.tushmagazine.com\/de\/#organization","name":"TUSH Store","url":"https:\/\/store.tushmagazine.com\/de\/","logo":{"@type":"ImageObject","inLanguage":"de","@id":"https:\/\/store.tushmagazine.com\/de\/#\/schema\/logo\/image\/","url":"https:\/\/store.tushmagazine.com\/wp-content\/uploads\/2022\/05\/TUSH2022_Logo-white-e1651507122891.png","contentUrl":"https:\/\/store.tushmagazine.com\/wp-content\/uploads\/2022\/05\/TUSH2022_Logo-white-e1651507122891.png","width":960,"height":180,"caption":"TUSH Store"},"image":{"@id":"https:\/\/store.tushmagazine.com\/de\/#\/schema\/logo\/image\/"}}]}},"_links":{"self":[{"href":"https:\/\/store.tushmagazine.com\/de\/wp-json\/wp\/v2\/product\/727","targetHints":{"allow":["GET"]}}],"collection":[{"href":"https:\/\/store.tushmagazine.com\/de\/wp-json\/wp\/v2\/product"}],"about":[{"href":"https:\/\/store.tushmagazine.com\/de\/wp-json\/wp\/v2\/types\/product"}],"wp:featuredmedia":[{"embeddable":true,"href":"https:\/\/store.tushmagazine.com\/de\/wp-json\/wp\/v2\/media\/568"}],"wp:attachment":[{"href":"https:\/\/store.tushmagazine.com\/de\/wp-json\/wp\/v2\/media?parent=727"}],"wp:term":[{"taxonomy":"product_brand","embeddable":true,"href":"https:\/\/store.tushmagazine.com\/de\/wp-json\/wp\/v2\/product_brand?post=727"},{"taxonomy":"product_cat","embeddable":true,"href":"https:\/\/store.tushmagazine.com\/de\/wp-json\/wp\/v2\/product_cat?post=727"},{"taxonomy":"product_tag","embeddable":true,"href":"https:\/\/store.tushmagazine.com\/de\/wp-json\/wp\/v2\/product_tag?post=727"}],"curies":[{"name":"wp","href":"https:\/\/api.w.org\/{rel}","templated":true}]}}