{"id":657,"date":"2021-10-14T16:32:28","date_gmt":"2021-10-14T14:32:28","guid":{"rendered":"https:\/\/store.tushmagazine.com\/?post_type=product&#038;p=657"},"modified":"2025-12-03T12:41:46","modified_gmt":"2025-12-03T11:41:46","slug":"tush-49","status":"publish","type":"product","link":"https:\/\/store.tushmagazine.com\/de\/product\/magazine\/tush-49\/","title":{"rendered":"TUSH 49 \u2013 GANZE AUSGABE + ALLE COVER \u2013 eBOOK"},"content":{"rendered":"<p><strong>TUSH 49 \u2013 eBook<\/strong><\/p>\n<p><strong>Aus dem Normalen herausgehoben werden, in einen erh\u00f6hten Zustand mit verst\u00e4rkten Gef\u00fchlen: Das ist unsere Extase.<\/strong><\/p>\n<p>Mehr Lebendigkeit, mehr Farbe, mehr Licht, mehr Schatten, mehr Ausdruck: Wir \u00fcbertreiben, um zu inspirieren und eine neue Realit\u00e4t zu schaffen. Vergangenheit, Gegenwart, Zukunft &#8211; wir verschmelzen alles, um unser ganz eigenes Jetzt zu schaffen. Da Sch\u00f6nheit das Zentrum aller Geschichten ist, erz\u00e4hlen wir die Geschichte von Lippenstift, Lidschatten, Parf\u00fcm, Gesichtern und K\u00f6rpern neu, ungesehen und ungelesen, eine neue Erkundung der \u00c4sthetik.<\/p>\n<p>Mit einem pulsierenden Set von Protagonist*innen\u00a0und Profis ist es uns gelungen, TUSH 49 heller erstrahlen zu lassen als je zuvor &#8211; mit den Fotografen Domen &amp; Van De Velde und Armin Morbach, exklusiven Kooperationen mit Mugler und Givenchy und K\u00fcnstlern wie Llyod Simmonds und Bo Quinn. Viel Spa\u00df bei dieser Beauty-Reise.<br \/>\n<em><br \/>\nHinweis: Das eBook kann max. 4 x innerhalb des angegebenen Zeitraums heruntergeladen werden.<\/em><\/p>\n","protected":false},"excerpt":{"rendered":"<p>TUSH 49 \u2013 eBook Aus dem Normalen herausgehoben werden, in einen erh\u00f6hten Zustand mit verst\u00e4rkten Gef\u00fchlen: Das ist unsere Extase. Mehr Lebendigkeit, mehr Farbe, mehr Licht, mehr Schatten, mehr Ausdruck:<a href=\"https:\/\/store.tushmagazine.com\/de\/product\/magazine\/tush-49\/\" class=\"d-block breadmore\">Read More<\/a><\/p>\n","protected":false},"featured_media":1522,"template":"","meta":[],"product_brand":[],"product_cat":[44],"product_tag":[],"class_list":{"0":"post-657","1":"product","2":"type-product","3":"status-publish","4":"has-post-thumbnail","6":"product_cat-magazine","7":"product_shipping_class-single-item-de","9":"first","10":"instock","11":"downloadable","12":"virtual","13":"taxable","14":"purchasable","15":"product-type-simple"},"yoast_head":"<!-- This site is optimized with the Yoast SEO plugin v26.6 - https:\/\/yoast.com\/wordpress\/plugins\/seo\/ -->\n<title>TUSH 49 eBook: EXSTASE<\/title>\n<meta name=\"robots\" content=\"index, follow, max-snippet:-1, max-image-preview:large, max-video-preview:-1\" \/>\n<link rel=\"canonical\" href=\"https:\/\/store.tushmagazine.com\/de\/product\/magazine\/tush-49\/\" \/>\n<meta property=\"og:locale\" content=\"de_DE\" \/>\n<meta property=\"og:type\" content=\"article\" \/>\n<meta property=\"og:title\" content=\"TUSH 49 eBook: EXSTASE\" \/>\n<meta property=\"og:description\" content=\"TUSH 49 \u2013 eBook Aus dem Normalen herausgehoben werden, in einen erh\u00f6hten Zustand mit verst\u00e4rkten Gef\u00fchlen: Das ist unsere Extase. Mehr Lebendigkeit, mehr Farbe, mehr Licht, mehr Schatten, mehr Ausdruck:Read More\" \/>\n<meta property=\"og:url\" content=\"https:\/\/store.tushmagazine.com\/de\/product\/magazine\/tush-49\/\" \/>\n<meta property=\"og:site_name\" content=\"TUSH Store\" \/>\n<meta property=\"article:modified_time\" content=\"2025-12-03T11:41:46+00:00\" \/>\n<meta name=\"twitter:card\" content=\"summary_large_image\" \/>\n<meta name=\"twitter:label1\" content=\"Gesch\u00e4tzte Lesezeit\" \/>\n\t<meta name=\"twitter:data1\" content=\"1\u00a0Minute\" \/>\n<script type=\"application\/ld+json\" class=\"yoast-schema-graph\">{\"@context\":\"https:\/\/schema.org\",\"@graph\":[{\"@type\":\"WebPage\",\"@id\":\"https:\/\/store.tushmagazine.com\/de\/product\/magazine\/tush-49\/\",\"url\":\"https:\/\/store.tushmagazine.com\/de\/product\/magazine\/tush-49\/\",\"name\":\"TUSH 49 eBook: EXSTASE\",\"isPartOf\":{\"@id\":\"https:\/\/store.tushmagazine.com\/de\/#website\"},\"primaryImageOfPage\":{\"@id\":\"https:\/\/store.tushmagazine.com\/de\/product\/magazine\/tush-49\/#primaryimage\"},\"image\":{\"@id\":\"https:\/\/store.tushmagazine.com\/de\/product\/magazine\/tush-49\/#primaryimage\"},\"thumbnailUrl\":\"https:\/\/store.tushmagazine.com\/wp-content\/uploads\/2021\/10\/EBook49.jpg\",\"datePublished\":\"2021-10-14T14:32:28+00:00\",\"dateModified\":\"2025-12-03T11:41:46+00:00\",\"breadcrumb\":{\"@id\":\"https:\/\/store.tushmagazine.com\/de\/product\/magazine\/tush-49\/#breadcrumb\"},\"inLanguage\":\"de\",\"potentialAction\":[{\"@type\":\"ReadAction\",\"target\":[\"https:\/\/store.tushmagazine.com\/de\/product\/magazine\/tush-49\/\"]}]},{\"@type\":\"ImageObject\",\"inLanguage\":\"de\",\"@id\":\"https:\/\/store.tushmagazine.com\/de\/product\/magazine\/tush-49\/#primaryimage\",\"url\":\"https:\/\/store.tushmagazine.com\/wp-content\/uploads\/2021\/10\/EBook49.jpg\",\"contentUrl\":\"https:\/\/store.tushmagazine.com\/wp-content\/uploads\/2021\/10\/EBook49.jpg\",\"width\":1547,\"height\":2000,\"caption\":\"EBook49\"},{\"@type\":\"BreadcrumbList\",\"@id\":\"https:\/\/store.tushmagazine.com\/de\/product\/magazine\/tush-49\/#breadcrumb\",\"itemListElement\":[{\"@type\":\"ListItem\",\"position\":1,\"name\":\"Startseite\",\"item\":\"https:\/\/store.tushmagazine.com\/de\/\"},{\"@type\":\"ListItem\",\"position\":2,\"name\":\"Shop DE\",\"item\":\"https:\/\/store.tushmagazine.com\/de\/\"},{\"@type\":\"ListItem\",\"position\":3,\"name\":\"TUSH 49 \u2013 GANZE AUSGABE + ALLE COVER \u2013 eBOOK\"}]},{\"@type\":\"WebSite\",\"@id\":\"https:\/\/store.tushmagazine.com\/de\/#website\",\"url\":\"https:\/\/store.tushmagazine.com\/de\/\",\"name\":\"TUSH Store\",\"description\":\"\",\"publisher\":{\"@id\":\"https:\/\/store.tushmagazine.com\/de\/#organization\"},\"potentialAction\":[{\"@type\":\"SearchAction\",\"target\":{\"@type\":\"EntryPoint\",\"urlTemplate\":\"https:\/\/store.tushmagazine.com\/de\/?s={search_term_string}\"},\"query-input\":{\"@type\":\"PropertyValueSpecification\",\"valueRequired\":true,\"valueName\":\"search_term_string\"}}],\"inLanguage\":\"de\"},{\"@type\":\"Organization\",\"@id\":\"https:\/\/store.tushmagazine.com\/de\/#organization\",\"name\":\"TUSH Store\",\"url\":\"https:\/\/store.tushmagazine.com\/de\/\",\"logo\":{\"@type\":\"ImageObject\",\"inLanguage\":\"de\",\"@id\":\"https:\/\/store.tushmagazine.com\/de\/#\/schema\/logo\/image\/\",\"url\":\"https:\/\/store.tushmagazine.com\/wp-content\/uploads\/2022\/05\/TUSH2022_Logo-white-e1651507122891.png\",\"contentUrl\":\"https:\/\/store.tushmagazine.com\/wp-content\/uploads\/2022\/05\/TUSH2022_Logo-white-e1651507122891.png\",\"width\":960,\"height\":180,\"caption\":\"TUSH Store\"},\"image\":{\"@id\":\"https:\/\/store.tushmagazine.com\/de\/#\/schema\/logo\/image\/\"}}]}<\/script>\n<!-- \/ Yoast SEO plugin. -->","yoast_head_json":{"title":"TUSH 49 eBook: EXSTASE","robots":{"index":"index","follow":"follow","max-snippet":"max-snippet:-1","max-image-preview":"max-image-preview:large","max-video-preview":"max-video-preview:-1"},"canonical":"https:\/\/store.tushmagazine.com\/de\/product\/magazine\/tush-49\/","og_locale":"de_DE","og_type":"article","og_title":"TUSH 49 eBook: EXSTASE","og_description":"TUSH 49 \u2013 eBook Aus dem Normalen herausgehoben werden, in einen erh\u00f6hten Zustand mit verst\u00e4rkten Gef\u00fchlen: Das ist unsere Extase. Mehr Lebendigkeit, mehr Farbe, mehr Licht, mehr Schatten, mehr Ausdruck:Read More","og_url":"https:\/\/store.tushmagazine.com\/de\/product\/magazine\/tush-49\/","og_site_name":"TUSH Store","article_modified_time":"2025-12-03T11:41:46+00:00","twitter_card":"summary_large_image","twitter_misc":{"Gesch\u00e4tzte Lesezeit":"1\u00a0Minute"},"schema":{"@context":"https:\/\/schema.org","@graph":[{"@type":"WebPage","@id":"https:\/\/store.tushmagazine.com\/de\/product\/magazine\/tush-49\/","url":"https:\/\/store.tushmagazine.com\/de\/product\/magazine\/tush-49\/","name":"TUSH 49 eBook: EXSTASE","isPartOf":{"@id":"https:\/\/store.tushmagazine.com\/de\/#website"},"primaryImageOfPage":{"@id":"https:\/\/store.tushmagazine.com\/de\/product\/magazine\/tush-49\/#primaryimage"},"image":{"@id":"https:\/\/store.tushmagazine.com\/de\/product\/magazine\/tush-49\/#primaryimage"},"thumbnailUrl":"https:\/\/store.tushmagazine.com\/wp-content\/uploads\/2021\/10\/EBook49.jpg","datePublished":"2021-10-14T14:32:28+00:00","dateModified":"2025-12-03T11:41:46+00:00","breadcrumb":{"@id":"https:\/\/store.tushmagazine.com\/de\/product\/magazine\/tush-49\/#breadcrumb"},"inLanguage":"de","potentialAction":[{"@type":"ReadAction","target":["https:\/\/store.tushmagazine.com\/de\/product\/magazine\/tush-49\/"]}]},{"@type":"ImageObject","inLanguage":"de","@id":"https:\/\/store.tushmagazine.com\/de\/product\/magazine\/tush-49\/#primaryimage","url":"https:\/\/store.tushmagazine.com\/wp-content\/uploads\/2021\/10\/EBook49.jpg","contentUrl":"https:\/\/store.tushmagazine.com\/wp-content\/uploads\/2021\/10\/EBook49.jpg","width":1547,"height":2000,"caption":"EBook49"},{"@type":"BreadcrumbList","@id":"https:\/\/store.tushmagazine.com\/de\/product\/magazine\/tush-49\/#breadcrumb","itemListElement":[{"@type":"ListItem","position":1,"name":"Startseite","item":"https:\/\/store.tushmagazine.com\/de\/"},{"@type":"ListItem","position":2,"name":"Shop DE","item":"https:\/\/store.tushmagazine.com\/de\/"},{"@type":"ListItem","position":3,"name":"TUSH 49 \u2013 GANZE AUSGABE + ALLE COVER \u2013 eBOOK"}]},{"@type":"WebSite","@id":"https:\/\/store.tushmagazine.com\/de\/#website","url":"https:\/\/store.tushmagazine.com\/de\/","name":"TUSH Store","description":"","publisher":{"@id":"https:\/\/store.tushmagazine.com\/de\/#organization"},"potentialAction":[{"@type":"SearchAction","target":{"@type":"EntryPoint","urlTemplate":"https:\/\/store.tushmagazine.com\/de\/?s={search_term_string}"},"query-input":{"@type":"PropertyValueSpecification","valueRequired":true,"valueName":"search_term_string"}}],"inLanguage":"de"},{"@type":"Organization","@id":"https:\/\/store.tushmagazine.com\/de\/#organization","name":"TUSH Store","url":"https:\/\/store.tushmagazine.com\/de\/","logo":{"@type":"ImageObject","inLanguage":"de","@id":"https:\/\/store.tushmagazine.com\/de\/#\/schema\/logo\/image\/","url":"https:\/\/store.tushmagazine.com\/wp-content\/uploads\/2022\/05\/TUSH2022_Logo-white-e1651507122891.png","contentUrl":"https:\/\/store.tushmagazine.com\/wp-content\/uploads\/2022\/05\/TUSH2022_Logo-white-e1651507122891.png","width":960,"height":180,"caption":"TUSH Store"},"image":{"@id":"https:\/\/store.tushmagazine.com\/de\/#\/schema\/logo\/image\/"}}]}},"_links":{"self":[{"href":"https:\/\/store.tushmagazine.com\/de\/wp-json\/wp\/v2\/product\/657","targetHints":{"allow":["GET"]}}],"collection":[{"href":"https:\/\/store.tushmagazine.com\/de\/wp-json\/wp\/v2\/product"}],"about":[{"href":"https:\/\/store.tushmagazine.com\/de\/wp-json\/wp\/v2\/types\/product"}],"wp:featuredmedia":[{"embeddable":true,"href":"https:\/\/store.tushmagazine.com\/de\/wp-json\/wp\/v2\/media\/1522"}],"wp:attachment":[{"href":"https:\/\/store.tushmagazine.com\/de\/wp-json\/wp\/v2\/media?parent=657"}],"wp:term":[{"taxonomy":"product_brand","embeddable":true,"href":"https:\/\/store.tushmagazine.com\/de\/wp-json\/wp\/v2\/product_brand?post=657"},{"taxonomy":"product_cat","embeddable":true,"href":"https:\/\/store.tushmagazine.com\/de\/wp-json\/wp\/v2\/product_cat?post=657"},{"taxonomy":"product_tag","embeddable":true,"href":"https:\/\/store.tushmagazine.com\/de\/wp-json\/wp\/v2\/product_tag?post=657"}],"curies":[{"name":"wp","href":"https:\/\/api.w.org\/{rel}","templated":true}]}}