{"id":5837,"date":"2025-09-08T17:06:52","date_gmt":"2025-09-08T15:06:52","guid":{"rendered":"https:\/\/store.tushmagazine.com\/?post_type=product&#038;p=5837"},"modified":"2026-04-11T18:03:27","modified_gmt":"2026-04-11T16:03:27","slug":"tush-57","status":"publish","type":"product","link":"https:\/\/store.tushmagazine.com\/de\/product\/magazine\/tush-57\/","title":{"rendered":"TUSH 57"},"content":{"rendered":"<p><strong>TUSH 57 &#8211; Druckausgabe<\/strong><\/p>\n<p>Die Show muss nicht nur weitergehen, sie muss sich st\u00e4ndig neu erfinden. Jede Ausgabe von TUSH ist eine neue B\u00fchne f\u00fcr Talente aus allen Bereichen der sch\u00f6nen K\u00fcnste, und jeder Inhalt steht f\u00fcr einen bestimmten Moment in der Zeit. In den letzten zwanzig Jahren hat sich TUSH zu einer Chronik der Sch\u00f6nheit entwickelt, die Trends und Themen der Printkultur aufgreift.<\/p>\n<p>MIT PROTAGONISTEN WIE:<\/p>\n<p>&#8211; Popmusik-Legende <strong>SHAKIRA<\/strong><br \/>\n&#8211; Supermodel-Legende <strong>HEIDI KLUM<\/strong><br \/>\n&#8211; Pops\u00e4ngerin <strong>RITA ORA<\/strong><br \/>\n&#8211; Model &amp; Heidi Klums Sohn <strong>HENRY SAMUEL<\/strong><br \/>\n&#8211; Schauspieler <strong>DAVID SCH\u00dcTTER &amp; LAURA HADDOCK<\/strong><br \/>\n&#8211; Social Media-Zwillinge <strong>ANGELINA &amp; ALEANDRA FRERK<\/strong><br \/>\n&#8211; Internet-Pers\u00f6nlichkeit &amp; K\u00fcnstlerin <strong>JULIA GISELLA<\/strong><\/p>\n<p>&amp; viele mehr&#8230;<\/p>\n<p><em>DER NEUE TUSH! TUSH 2\/25 &#8211; UNSERE JUBIL\u00c4UMSAUSGABE &#8222;SHOW&#8220; NR. 57 <\/em><\/p>\n<p>&nbsp;<\/p>\n<p><strong><em>Bitte beachten Sie: Das eBook kann maximal 4 Mal innerhalb des angegebenen Zeitraums heruntergeladen werden.<\/em><\/strong><\/p>\n","protected":false},"excerpt":{"rendered":"<p>TUSH 57 &#8211; Druckausgabe Die Show muss nicht nur weitergehen, sie muss sich st\u00e4ndig neu erfinden. Jede Ausgabe von TUSH ist eine neue B\u00fchne f\u00fcr Talente aus allen Bereichen der<a href=\"https:\/\/store.tushmagazine.com\/de\/product\/magazine\/tush-57\/\" class=\"d-block breadmore\">Read More<\/a><\/p>\n","protected":false},"featured_media":6005,"template":"","meta":[],"product_brand":[],"product_cat":[44],"product_tag":[80],"class_list":{"0":"post-5837","1":"product","2":"type-product","3":"status-publish","4":"has-post-thumbnail","6":"product_cat-magazine","7":"product_tag-tush-57-de","8":"product_shipping_class-single-item-de","10":"first","11":"instock","12":"taxable","13":"shipping-taxable","14":"purchasable","15":"product-type-variable"},"yoast_head":"<!-- This site is optimized with the Yoast SEO plugin v26.6 - https:\/\/yoast.com\/wordpress\/plugins\/seo\/ -->\n<title>TUSH 57: TUSH SHOW<\/title>\n<meta name=\"description\" content=\"GENIESSEN SIE DIE SHOW: TUSH Nr.57 Jubil\u00e4umsausgabe mit den Legenden Shakira &amp; Heidi Klum, sowie Schauspielern und S\u00e4ngern wie David Sch\u00fctter, Laura Haddock und Rita Ora\" \/>\n<meta name=\"robots\" content=\"index, follow, max-snippet:-1, max-image-preview:large, max-video-preview:-1\" \/>\n<link rel=\"canonical\" href=\"https:\/\/store.tushmagazine.com\/de\/product\/magazine\/tush-57\/\" \/>\n<meta property=\"og:locale\" content=\"de_DE\" \/>\n<meta property=\"og:type\" content=\"article\" \/>\n<meta property=\"og:title\" content=\"TUSH 57: TUSH SHOW\" \/>\n<meta property=\"og:description\" content=\"GENIESSEN SIE DIE SHOW: TUSH Nr.57 Jubil\u00e4umsausgabe mit den Legenden Shakira &amp; Heidi Klum, sowie Schauspielern und S\u00e4ngern wie David Sch\u00fctter, Laura Haddock und Rita Ora\" \/>\n<meta property=\"og:url\" content=\"https:\/\/store.tushmagazine.com\/de\/product\/magazine\/tush-57\/\" \/>\n<meta property=\"og:site_name\" content=\"TUSH Store\" \/>\n<meta property=\"article:modified_time\" content=\"2026-04-11T16:03:27+00:00\" \/>\n<meta property=\"og:image\" content=\"https:\/\/store.tushmagazine.com\/wp-content\/uploads\/2025\/10\/TUSH-SHOW-1.png\" \/>\n\t<meta property=\"og:image:width\" content=\"924\" \/>\n\t<meta property=\"og:image:height\" content=\"1155\" \/>\n\t<meta property=\"og:image:type\" content=\"image\/png\" \/>\n<meta name=\"twitter:card\" content=\"summary_large_image\" \/>\n<meta name=\"twitter:label1\" content=\"Gesch\u00e4tzte Lesezeit\" \/>\n\t<meta name=\"twitter:data1\" content=\"1\u00a0Minute\" \/>\n<script type=\"application\/ld+json\" class=\"yoast-schema-graph\">{\"@context\":\"https:\/\/schema.org\",\"@graph\":[{\"@type\":\"WebPage\",\"@id\":\"https:\/\/store.tushmagazine.com\/de\/product\/magazine\/tush-57\/\",\"url\":\"https:\/\/store.tushmagazine.com\/de\/product\/magazine\/tush-57\/\",\"name\":\"TUSH 57: TUSH SHOW\",\"isPartOf\":{\"@id\":\"https:\/\/store.tushmagazine.com\/de\/#website\"},\"primaryImageOfPage\":{\"@id\":\"https:\/\/store.tushmagazine.com\/de\/product\/magazine\/tush-57\/#primaryimage\"},\"image\":{\"@id\":\"https:\/\/store.tushmagazine.com\/de\/product\/magazine\/tush-57\/#primaryimage\"},\"thumbnailUrl\":\"https:\/\/store.tushmagazine.com\/wp-content\/uploads\/2025\/10\/TUSH-SHOW-1.png\",\"datePublished\":\"2025-09-08T15:06:52+00:00\",\"dateModified\":\"2026-04-11T16:03:27+00:00\",\"description\":\"GENIESSEN SIE DIE SHOW: TUSH Nr.57 Jubil\u00e4umsausgabe mit den Legenden Shakira & Heidi Klum, sowie Schauspielern und S\u00e4ngern wie David Sch\u00fctter, Laura Haddock und Rita Ora\",\"breadcrumb\":{\"@id\":\"https:\/\/store.tushmagazine.com\/de\/product\/magazine\/tush-57\/#breadcrumb\"},\"inLanguage\":\"de\",\"potentialAction\":[{\"@type\":\"ReadAction\",\"target\":[\"https:\/\/store.tushmagazine.com\/de\/product\/magazine\/tush-57\/\"]}]},{\"@type\":\"ImageObject\",\"inLanguage\":\"de\",\"@id\":\"https:\/\/store.tushmagazine.com\/de\/product\/magazine\/tush-57\/#primaryimage\",\"url\":\"https:\/\/store.tushmagazine.com\/wp-content\/uploads\/2025\/10\/TUSH-SHOW-1.png\",\"contentUrl\":\"https:\/\/store.tushmagazine.com\/wp-content\/uploads\/2025\/10\/TUSH-SHOW-1.png\",\"width\":924,\"height\":1155,\"caption\":\"TUSH SHOW 57\"},{\"@type\":\"BreadcrumbList\",\"@id\":\"https:\/\/store.tushmagazine.com\/de\/product\/magazine\/tush-57\/#breadcrumb\",\"itemListElement\":[{\"@type\":\"ListItem\",\"position\":1,\"name\":\"Startseite\",\"item\":\"https:\/\/store.tushmagazine.com\/de\/\"},{\"@type\":\"ListItem\",\"position\":2,\"name\":\"Shop DE\",\"item\":\"https:\/\/store.tushmagazine.com\/de\/\"},{\"@type\":\"ListItem\",\"position\":3,\"name\":\"TUSH 57\"}]},{\"@type\":\"WebSite\",\"@id\":\"https:\/\/store.tushmagazine.com\/de\/#website\",\"url\":\"https:\/\/store.tushmagazine.com\/de\/\",\"name\":\"TUSH Store\",\"description\":\"\",\"publisher\":{\"@id\":\"https:\/\/store.tushmagazine.com\/de\/#organization\"},\"potentialAction\":[{\"@type\":\"SearchAction\",\"target\":{\"@type\":\"EntryPoint\",\"urlTemplate\":\"https:\/\/store.tushmagazine.com\/de\/?s={search_term_string}\"},\"query-input\":{\"@type\":\"PropertyValueSpecification\",\"valueRequired\":true,\"valueName\":\"search_term_string\"}}],\"inLanguage\":\"de\"},{\"@type\":\"Organization\",\"@id\":\"https:\/\/store.tushmagazine.com\/de\/#organization\",\"name\":\"TUSH Store\",\"url\":\"https:\/\/store.tushmagazine.com\/de\/\",\"logo\":{\"@type\":\"ImageObject\",\"inLanguage\":\"de\",\"@id\":\"https:\/\/store.tushmagazine.com\/de\/#\/schema\/logo\/image\/\",\"url\":\"https:\/\/store.tushmagazine.com\/wp-content\/uploads\/2022\/05\/TUSH2022_Logo-white-e1651507122891.png\",\"contentUrl\":\"https:\/\/store.tushmagazine.com\/wp-content\/uploads\/2022\/05\/TUSH2022_Logo-white-e1651507122891.png\",\"width\":960,\"height\":180,\"caption\":\"TUSH Store\"},\"image\":{\"@id\":\"https:\/\/store.tushmagazine.com\/de\/#\/schema\/logo\/image\/\"}}]}<\/script>\n<!-- \/ Yoast SEO plugin. -->","yoast_head_json":{"title":"TUSH 57: TUSH SHOW","description":"GENIESSEN SIE DIE SHOW: TUSH Nr.57 Jubil\u00e4umsausgabe mit den Legenden Shakira & Heidi Klum, sowie Schauspielern und S\u00e4ngern wie David Sch\u00fctter, Laura Haddock und Rita Ora","robots":{"index":"index","follow":"follow","max-snippet":"max-snippet:-1","max-image-preview":"max-image-preview:large","max-video-preview":"max-video-preview:-1"},"canonical":"https:\/\/store.tushmagazine.com\/de\/product\/magazine\/tush-57\/","og_locale":"de_DE","og_type":"article","og_title":"TUSH 57: TUSH SHOW","og_description":"GENIESSEN SIE DIE SHOW: TUSH Nr.57 Jubil\u00e4umsausgabe mit den Legenden Shakira & Heidi Klum, sowie Schauspielern und S\u00e4ngern wie David Sch\u00fctter, Laura Haddock und Rita Ora","og_url":"https:\/\/store.tushmagazine.com\/de\/product\/magazine\/tush-57\/","og_site_name":"TUSH Store","article_modified_time":"2026-04-11T16:03:27+00:00","og_image":[{"width":924,"height":1155,"url":"https:\/\/store.tushmagazine.com\/wp-content\/uploads\/2025\/10\/TUSH-SHOW-1.png","type":"image\/png"}],"twitter_card":"summary_large_image","twitter_misc":{"Gesch\u00e4tzte Lesezeit":"1\u00a0Minute"},"schema":{"@context":"https:\/\/schema.org","@graph":[{"@type":"WebPage","@id":"https:\/\/store.tushmagazine.com\/de\/product\/magazine\/tush-57\/","url":"https:\/\/store.tushmagazine.com\/de\/product\/magazine\/tush-57\/","name":"TUSH 57: TUSH SHOW","isPartOf":{"@id":"https:\/\/store.tushmagazine.com\/de\/#website"},"primaryImageOfPage":{"@id":"https:\/\/store.tushmagazine.com\/de\/product\/magazine\/tush-57\/#primaryimage"},"image":{"@id":"https:\/\/store.tushmagazine.com\/de\/product\/magazine\/tush-57\/#primaryimage"},"thumbnailUrl":"https:\/\/store.tushmagazine.com\/wp-content\/uploads\/2025\/10\/TUSH-SHOW-1.png","datePublished":"2025-09-08T15:06:52+00:00","dateModified":"2026-04-11T16:03:27+00:00","description":"GENIESSEN SIE DIE SHOW: TUSH Nr.57 Jubil\u00e4umsausgabe mit den Legenden Shakira & Heidi Klum, sowie Schauspielern und S\u00e4ngern wie David Sch\u00fctter, Laura Haddock und Rita Ora","breadcrumb":{"@id":"https:\/\/store.tushmagazine.com\/de\/product\/magazine\/tush-57\/#breadcrumb"},"inLanguage":"de","potentialAction":[{"@type":"ReadAction","target":["https:\/\/store.tushmagazine.com\/de\/product\/magazine\/tush-57\/"]}]},{"@type":"ImageObject","inLanguage":"de","@id":"https:\/\/store.tushmagazine.com\/de\/product\/magazine\/tush-57\/#primaryimage","url":"https:\/\/store.tushmagazine.com\/wp-content\/uploads\/2025\/10\/TUSH-SHOW-1.png","contentUrl":"https:\/\/store.tushmagazine.com\/wp-content\/uploads\/2025\/10\/TUSH-SHOW-1.png","width":924,"height":1155,"caption":"TUSH SHOW 57"},{"@type":"BreadcrumbList","@id":"https:\/\/store.tushmagazine.com\/de\/product\/magazine\/tush-57\/#breadcrumb","itemListElement":[{"@type":"ListItem","position":1,"name":"Startseite","item":"https:\/\/store.tushmagazine.com\/de\/"},{"@type":"ListItem","position":2,"name":"Shop DE","item":"https:\/\/store.tushmagazine.com\/de\/"},{"@type":"ListItem","position":3,"name":"TUSH 57"}]},{"@type":"WebSite","@id":"https:\/\/store.tushmagazine.com\/de\/#website","url":"https:\/\/store.tushmagazine.com\/de\/","name":"TUSH Store","description":"","publisher":{"@id":"https:\/\/store.tushmagazine.com\/de\/#organization"},"potentialAction":[{"@type":"SearchAction","target":{"@type":"EntryPoint","urlTemplate":"https:\/\/store.tushmagazine.com\/de\/?s={search_term_string}"},"query-input":{"@type":"PropertyValueSpecification","valueRequired":true,"valueName":"search_term_string"}}],"inLanguage":"de"},{"@type":"Organization","@id":"https:\/\/store.tushmagazine.com\/de\/#organization","name":"TUSH Store","url":"https:\/\/store.tushmagazine.com\/de\/","logo":{"@type":"ImageObject","inLanguage":"de","@id":"https:\/\/store.tushmagazine.com\/de\/#\/schema\/logo\/image\/","url":"https:\/\/store.tushmagazine.com\/wp-content\/uploads\/2022\/05\/TUSH2022_Logo-white-e1651507122891.png","contentUrl":"https:\/\/store.tushmagazine.com\/wp-content\/uploads\/2022\/05\/TUSH2022_Logo-white-e1651507122891.png","width":960,"height":180,"caption":"TUSH Store"},"image":{"@id":"https:\/\/store.tushmagazine.com\/de\/#\/schema\/logo\/image\/"}}]}},"_links":{"self":[{"href":"https:\/\/store.tushmagazine.com\/de\/wp-json\/wp\/v2\/product\/5837","targetHints":{"allow":["GET"]}}],"collection":[{"href":"https:\/\/store.tushmagazine.com\/de\/wp-json\/wp\/v2\/product"}],"about":[{"href":"https:\/\/store.tushmagazine.com\/de\/wp-json\/wp\/v2\/types\/product"}],"wp:featuredmedia":[{"embeddable":true,"href":"https:\/\/store.tushmagazine.com\/de\/wp-json\/wp\/v2\/media\/6005"}],"wp:attachment":[{"href":"https:\/\/store.tushmagazine.com\/de\/wp-json\/wp\/v2\/media?parent=5837"}],"wp:term":[{"taxonomy":"product_brand","embeddable":true,"href":"https:\/\/store.tushmagazine.com\/de\/wp-json\/wp\/v2\/product_brand?post=5837"},{"taxonomy":"product_cat","embeddable":true,"href":"https:\/\/store.tushmagazine.com\/de\/wp-json\/wp\/v2\/product_cat?post=5837"},{"taxonomy":"product_tag","embeddable":true,"href":"https:\/\/store.tushmagazine.com\/de\/wp-json\/wp\/v2\/product_tag?post=5837"}],"curies":[{"name":"wp","href":"https:\/\/api.w.org\/{rel}","templated":true}]}}