{"id":5735,"date":"2025-09-10T15:19:34","date_gmt":"2025-09-10T13:19:34","guid":{"rendered":"https:\/\/store.tushmagazine.com\/?post_type=product&#038;p=5735"},"modified":"2026-04-22T04:13:44","modified_gmt":"2026-04-22T02:13:44","slug":"tush-55-ebook","status":"publish","type":"product","link":"https:\/\/store.tushmagazine.com\/de\/product\/magazine\/tush-55-ebook\/","title":{"rendered":"TUSH 55 \u2013 GANZE AUSGABE + ALLE COVER \u2013 eBOOK"},"content":{"rendered":"<p><strong>TUSH 55 \u2013 eBook<\/strong><\/p>\n<p>Diese Ausgabe ist der Musik gewidmet. Make-up Artists sind stets DJs der Farbnuancen, und viele Musiker*innen sind mittlerweile zu Beauty-Mogulen geworden. Musik und Sch\u00f6nheit sind beide Handwerk, Tr\u00e4ger von Emotionen, Ausdrucksformen von Zugeh\u00f6rigkeit und kultureller Geschichte.<\/p>\n<p>MIT PROTAGONIST*INNEN WIE:<br \/>\n\u2022 Star der Stunde <strong>BILL KAULITZ<\/strong><br \/>\n\u2022 Legend\u00e4re Schauspielerin <strong>IRIS BERBEN<\/strong><br \/>\n\u2022 Pop-S\u00e4nger &amp; Songwriter <strong>WINCENT WEISS<\/strong><br \/>\n\u2022 Moderatorin, Musikerin &amp; Model <strong>BONNIE STRANGE<\/strong><br \/>\n\u2022 Pianistin &amp; S\u00e4ngerin &amp; Songwriterin <strong>GINA ALICE REDLINGER<\/strong><br \/>\n\u2022 Pop-S\u00e4ngerin &amp; Songwriterin <strong>LEONY<\/strong><br \/>\n\u2022 S\u00e4nger, YouTuber &amp; Schauspieler <strong>TROYE SIVAN<\/strong><br \/>\n\u2022 Rapperin <strong>SAWEETIE<\/strong><\/p>\n<p>&amp; viele weitere\u2026<\/p>\n<p>TUSH liefert den perfekten Remix aus Genres und Stilen. Denn: \u201eAlles ist alles\u201c &amp; \u201eMusic makes the people come together, yeah.\u201c<\/p>\n<p><strong><em>Bitte beachten: D<\/em><em>as eBook kann max. 4 x innerhalb von 30 Tagen herunterladen werden.<\/em><\/strong><\/p>\n","protected":false},"excerpt":{"rendered":"<p>TUSH 55 \u2013 eBook Diese Ausgabe ist der Musik gewidmet. Make-up Artists sind stets DJs der Farbnuancen, und viele Musiker*innen sind mittlerweile zu Beauty-Mogulen geworden. Musik und Sch\u00f6nheit sind beide<a href=\"https:\/\/store.tushmagazine.com\/de\/product\/magazine\/tush-55-ebook\/\" class=\"d-block breadmore\">Read More<\/a><\/p>\n","protected":false},"featured_media":5017,"template":"","meta":[],"product_brand":[],"product_cat":[44],"product_tag":[75],"class_list":{"0":"post-5735","1":"product","2":"type-product","3":"status-publish","4":"has-post-thumbnail","6":"product_cat-magazine","7":"product_tag-tush-55","9":"first","10":"instock","11":"downloadable","12":"virtual","13":"taxable","14":"purchasable","15":"product-type-simple"},"yoast_head":"<!-- This site is optimized with the Yoast SEO plugin v26.6 - https:\/\/yoast.com\/wordpress\/plugins\/seo\/ -->\n<title>TUSH 55 eBook: TONART<\/title>\n<meta name=\"description\" content=\"TUSH Magazine die gro\u00dfe Musikausgabe TUSH 55 TONART: Von Star der Stunde Bill Kaulitz, Musiker Troye Sivan bishin zu Rapperin Saweetie \u2013 alle sind dabei!\" \/>\n<meta name=\"robots\" content=\"index, follow, max-snippet:-1, max-image-preview:large, max-video-preview:-1\" \/>\n<link rel=\"canonical\" href=\"https:\/\/store.tushmagazine.com\/de\/product\/magazine\/tush-55-ebook\/\" \/>\n<meta property=\"og:locale\" content=\"de_DE\" \/>\n<meta property=\"og:type\" content=\"article\" \/>\n<meta property=\"og:title\" content=\"TUSH 55 eBook: TONART\" \/>\n<meta property=\"og:description\" content=\"TUSH Magazine die gro\u00dfe Musikausgabe TUSH 55 TONART: Von Star der Stunde Bill Kaulitz, Musiker Troye Sivan bishin zu Rapperin Saweetie \u2013 alle sind dabei!\" \/>\n<meta property=\"og:url\" content=\"https:\/\/store.tushmagazine.com\/de\/product\/magazine\/tush-55-ebook\/\" \/>\n<meta property=\"og:site_name\" content=\"TUSH Store\" \/>\n<meta property=\"article:modified_time\" content=\"2026-04-22T02:13:44+00:00\" \/>\n<meta property=\"og:image\" content=\"https:\/\/store.tushmagazine.com\/wp-content\/uploads\/2024\/09\/Ebook55.jpg\" \/>\n\t<meta property=\"og:image:width\" content=\"1518\" \/>\n\t<meta property=\"og:image:height\" content=\"1754\" \/>\n\t<meta property=\"og:image:type\" content=\"image\/jpeg\" \/>\n<meta name=\"twitter:card\" content=\"summary_large_image\" \/>\n<meta name=\"twitter:label1\" content=\"Gesch\u00e4tzte Lesezeit\" \/>\n\t<meta name=\"twitter:data1\" content=\"1\u00a0Minute\" \/>\n<script type=\"application\/ld+json\" class=\"yoast-schema-graph\">{\"@context\":\"https:\/\/schema.org\",\"@graph\":[{\"@type\":\"WebPage\",\"@id\":\"https:\/\/store.tushmagazine.com\/de\/product\/magazine\/tush-55-ebook\/\",\"url\":\"https:\/\/store.tushmagazine.com\/de\/product\/magazine\/tush-55-ebook\/\",\"name\":\"TUSH 55 eBook: TONART\",\"isPartOf\":{\"@id\":\"https:\/\/store.tushmagazine.com\/de\/#website\"},\"primaryImageOfPage\":{\"@id\":\"https:\/\/store.tushmagazine.com\/de\/product\/magazine\/tush-55-ebook\/#primaryimage\"},\"image\":{\"@id\":\"https:\/\/store.tushmagazine.com\/de\/product\/magazine\/tush-55-ebook\/#primaryimage\"},\"thumbnailUrl\":\"https:\/\/store.tushmagazine.com\/wp-content\/uploads\/2024\/09\/Ebook55.jpg\",\"datePublished\":\"2025-09-10T13:19:34+00:00\",\"dateModified\":\"2026-04-22T02:13:44+00:00\",\"description\":\"TUSH Magazine die gro\u00dfe Musikausgabe TUSH 55 TONART: Von Star der Stunde Bill Kaulitz, Musiker Troye Sivan bishin zu Rapperin Saweetie \u2013 alle sind dabei!\",\"breadcrumb\":{\"@id\":\"https:\/\/store.tushmagazine.com\/de\/product\/magazine\/tush-55-ebook\/#breadcrumb\"},\"inLanguage\":\"de\",\"potentialAction\":[{\"@type\":\"ReadAction\",\"target\":[\"https:\/\/store.tushmagazine.com\/de\/product\/magazine\/tush-55-ebook\/\"]}]},{\"@type\":\"ImageObject\",\"inLanguage\":\"de\",\"@id\":\"https:\/\/store.tushmagazine.com\/de\/product\/magazine\/tush-55-ebook\/#primaryimage\",\"url\":\"https:\/\/store.tushmagazine.com\/wp-content\/uploads\/2024\/09\/Ebook55.jpg\",\"contentUrl\":\"https:\/\/store.tushmagazine.com\/wp-content\/uploads\/2024\/09\/Ebook55.jpg\",\"width\":1518,\"height\":1754},{\"@type\":\"BreadcrumbList\",\"@id\":\"https:\/\/store.tushmagazine.com\/de\/product\/magazine\/tush-55-ebook\/#breadcrumb\",\"itemListElement\":[{\"@type\":\"ListItem\",\"position\":1,\"name\":\"Startseite\",\"item\":\"https:\/\/store.tushmagazine.com\/de\/\"},{\"@type\":\"ListItem\",\"position\":2,\"name\":\"Shop DE\",\"item\":\"https:\/\/store.tushmagazine.com\/de\/\"},{\"@type\":\"ListItem\",\"position\":3,\"name\":\"TUSH 55 \u2013 GANZE AUSGABE + ALLE COVER \u2013 eBOOK\"}]},{\"@type\":\"WebSite\",\"@id\":\"https:\/\/store.tushmagazine.com\/de\/#website\",\"url\":\"https:\/\/store.tushmagazine.com\/de\/\",\"name\":\"TUSH Store\",\"description\":\"\",\"publisher\":{\"@id\":\"https:\/\/store.tushmagazine.com\/de\/#organization\"},\"potentialAction\":[{\"@type\":\"SearchAction\",\"target\":{\"@type\":\"EntryPoint\",\"urlTemplate\":\"https:\/\/store.tushmagazine.com\/de\/?s={search_term_string}\"},\"query-input\":{\"@type\":\"PropertyValueSpecification\",\"valueRequired\":true,\"valueName\":\"search_term_string\"}}],\"inLanguage\":\"de\"},{\"@type\":\"Organization\",\"@id\":\"https:\/\/store.tushmagazine.com\/de\/#organization\",\"name\":\"TUSH Store\",\"url\":\"https:\/\/store.tushmagazine.com\/de\/\",\"logo\":{\"@type\":\"ImageObject\",\"inLanguage\":\"de\",\"@id\":\"https:\/\/store.tushmagazine.com\/de\/#\/schema\/logo\/image\/\",\"url\":\"https:\/\/store.tushmagazine.com\/wp-content\/uploads\/2022\/05\/TUSH2022_Logo-white-e1651507122891.png\",\"contentUrl\":\"https:\/\/store.tushmagazine.com\/wp-content\/uploads\/2022\/05\/TUSH2022_Logo-white-e1651507122891.png\",\"width\":960,\"height\":180,\"caption\":\"TUSH Store\"},\"image\":{\"@id\":\"https:\/\/store.tushmagazine.com\/de\/#\/schema\/logo\/image\/\"}}]}<\/script>\n<!-- \/ Yoast SEO plugin. -->","yoast_head_json":{"title":"TUSH 55 eBook: TONART","description":"TUSH Magazine die gro\u00dfe Musikausgabe TUSH 55 TONART: Von Star der Stunde Bill Kaulitz, Musiker Troye Sivan bishin zu Rapperin Saweetie \u2013 alle sind dabei!","robots":{"index":"index","follow":"follow","max-snippet":"max-snippet:-1","max-image-preview":"max-image-preview:large","max-video-preview":"max-video-preview:-1"},"canonical":"https:\/\/store.tushmagazine.com\/de\/product\/magazine\/tush-55-ebook\/","og_locale":"de_DE","og_type":"article","og_title":"TUSH 55 eBook: TONART","og_description":"TUSH Magazine die gro\u00dfe Musikausgabe TUSH 55 TONART: Von Star der Stunde Bill Kaulitz, Musiker Troye Sivan bishin zu Rapperin Saweetie \u2013 alle sind dabei!","og_url":"https:\/\/store.tushmagazine.com\/de\/product\/magazine\/tush-55-ebook\/","og_site_name":"TUSH Store","article_modified_time":"2026-04-22T02:13:44+00:00","og_image":[{"width":1518,"height":1754,"url":"https:\/\/store.tushmagazine.com\/wp-content\/uploads\/2024\/09\/Ebook55.jpg","type":"image\/jpeg"}],"twitter_card":"summary_large_image","twitter_misc":{"Gesch\u00e4tzte Lesezeit":"1\u00a0Minute"},"schema":{"@context":"https:\/\/schema.org","@graph":[{"@type":"WebPage","@id":"https:\/\/store.tushmagazine.com\/de\/product\/magazine\/tush-55-ebook\/","url":"https:\/\/store.tushmagazine.com\/de\/product\/magazine\/tush-55-ebook\/","name":"TUSH 55 eBook: TONART","isPartOf":{"@id":"https:\/\/store.tushmagazine.com\/de\/#website"},"primaryImageOfPage":{"@id":"https:\/\/store.tushmagazine.com\/de\/product\/magazine\/tush-55-ebook\/#primaryimage"},"image":{"@id":"https:\/\/store.tushmagazine.com\/de\/product\/magazine\/tush-55-ebook\/#primaryimage"},"thumbnailUrl":"https:\/\/store.tushmagazine.com\/wp-content\/uploads\/2024\/09\/Ebook55.jpg","datePublished":"2025-09-10T13:19:34+00:00","dateModified":"2026-04-22T02:13:44+00:00","description":"TUSH Magazine die gro\u00dfe Musikausgabe TUSH 55 TONART: Von Star der Stunde Bill Kaulitz, Musiker Troye Sivan bishin zu Rapperin Saweetie \u2013 alle sind dabei!","breadcrumb":{"@id":"https:\/\/store.tushmagazine.com\/de\/product\/magazine\/tush-55-ebook\/#breadcrumb"},"inLanguage":"de","potentialAction":[{"@type":"ReadAction","target":["https:\/\/store.tushmagazine.com\/de\/product\/magazine\/tush-55-ebook\/"]}]},{"@type":"ImageObject","inLanguage":"de","@id":"https:\/\/store.tushmagazine.com\/de\/product\/magazine\/tush-55-ebook\/#primaryimage","url":"https:\/\/store.tushmagazine.com\/wp-content\/uploads\/2024\/09\/Ebook55.jpg","contentUrl":"https:\/\/store.tushmagazine.com\/wp-content\/uploads\/2024\/09\/Ebook55.jpg","width":1518,"height":1754},{"@type":"BreadcrumbList","@id":"https:\/\/store.tushmagazine.com\/de\/product\/magazine\/tush-55-ebook\/#breadcrumb","itemListElement":[{"@type":"ListItem","position":1,"name":"Startseite","item":"https:\/\/store.tushmagazine.com\/de\/"},{"@type":"ListItem","position":2,"name":"Shop DE","item":"https:\/\/store.tushmagazine.com\/de\/"},{"@type":"ListItem","position":3,"name":"TUSH 55 \u2013 GANZE AUSGABE + ALLE COVER \u2013 eBOOK"}]},{"@type":"WebSite","@id":"https:\/\/store.tushmagazine.com\/de\/#website","url":"https:\/\/store.tushmagazine.com\/de\/","name":"TUSH Store","description":"","publisher":{"@id":"https:\/\/store.tushmagazine.com\/de\/#organization"},"potentialAction":[{"@type":"SearchAction","target":{"@type":"EntryPoint","urlTemplate":"https:\/\/store.tushmagazine.com\/de\/?s={search_term_string}"},"query-input":{"@type":"PropertyValueSpecification","valueRequired":true,"valueName":"search_term_string"}}],"inLanguage":"de"},{"@type":"Organization","@id":"https:\/\/store.tushmagazine.com\/de\/#organization","name":"TUSH Store","url":"https:\/\/store.tushmagazine.com\/de\/","logo":{"@type":"ImageObject","inLanguage":"de","@id":"https:\/\/store.tushmagazine.com\/de\/#\/schema\/logo\/image\/","url":"https:\/\/store.tushmagazine.com\/wp-content\/uploads\/2022\/05\/TUSH2022_Logo-white-e1651507122891.png","contentUrl":"https:\/\/store.tushmagazine.com\/wp-content\/uploads\/2022\/05\/TUSH2022_Logo-white-e1651507122891.png","width":960,"height":180,"caption":"TUSH Store"},"image":{"@id":"https:\/\/store.tushmagazine.com\/de\/#\/schema\/logo\/image\/"}}]}},"_links":{"self":[{"href":"https:\/\/store.tushmagazine.com\/de\/wp-json\/wp\/v2\/product\/5735","targetHints":{"allow":["GET"]}}],"collection":[{"href":"https:\/\/store.tushmagazine.com\/de\/wp-json\/wp\/v2\/product"}],"about":[{"href":"https:\/\/store.tushmagazine.com\/de\/wp-json\/wp\/v2\/types\/product"}],"wp:featuredmedia":[{"embeddable":true,"href":"https:\/\/store.tushmagazine.com\/de\/wp-json\/wp\/v2\/media\/5017"}],"wp:attachment":[{"href":"https:\/\/store.tushmagazine.com\/de\/wp-json\/wp\/v2\/media?parent=5735"}],"wp:term":[{"taxonomy":"product_brand","embeddable":true,"href":"https:\/\/store.tushmagazine.com\/de\/wp-json\/wp\/v2\/product_brand?post=5735"},{"taxonomy":"product_cat","embeddable":true,"href":"https:\/\/store.tushmagazine.com\/de\/wp-json\/wp\/v2\/product_cat?post=5735"},{"taxonomy":"product_tag","embeddable":true,"href":"https:\/\/store.tushmagazine.com\/de\/wp-json\/wp\/v2\/product_tag?post=5735"}],"curies":[{"name":"wp","href":"https:\/\/api.w.org\/{rel}","templated":true}]}}