{"id":5733,"date":"2025-09-10T14:50:15","date_gmt":"2025-09-10T12:50:15","guid":{"rendered":"https:\/\/store.tushmagazine.com\/?post_type=product&#038;p=5733"},"modified":"2025-12-03T12:35:52","modified_gmt":"2025-12-03T11:35:52","slug":"tush-54-ebook","status":"publish","type":"product","link":"https:\/\/store.tushmagazine.com\/de\/product\/magazine\/tush-54-ebook\/","title":{"rendered":"TUSH 54 \u2013 GANZE AUSGABE + ALLE COVER \u2013 eBOOK"},"content":{"rendered":"<div class=\"markdown prose w-full break-words dark:prose-invert light\">\n<p><strong>TUSH 54 \u2013 eBook<\/strong><\/p>\n<p>TUSH 54 &#8222;Neu Dekoriert&#8220;: Hollywoodstar Diane Kr\u00fcger wird neben Domitila Barros, Leonie Hanne, Kristin Drab, Stefanie Giesinger, Caro Daur, Jihoon Kim, Petite Doll, Hodan Yousuf, Nina Marker, Lara Violetta und Lula zu einer der 12 Cover Ikonen f\u00fcr TUSH 54 und spricht im exklusiven Interview \u00fcber ihre Beauty-Geheimnisse. Moderatorin und Erotikmodel Micaela Sch\u00e4fer philosophiert in einem \u00fcppigen Editorial, Europas gr\u00f6\u00dfte Influencerin posiert mit schnellen Schlitten. In der neuen Ausgabe vereint TUSH internationale Gr\u00f6\u00dfen und Celebrities, inszeniert sie provokant und kunstvoll. Unter anderem auch dabei: Collien Ulmen-Fernandes und Nazan Eckes &#8211; fotografiert von Armin Morbach. Dazu pr\u00e4sentiert TUSH exklusive Einblicke in die Beauty- und Modewelt.<\/p>\n<\/div>\n<p><strong><em>Hinweis: Das eBook kann max. 4 x innerhalb des angegebenen Zeitraums heruntergeladen werden.<\/em><\/strong><\/p>\n","protected":false},"excerpt":{"rendered":"<p>TUSH 54 \u2013 eBook TUSH 54 &#8222;Neu Dekoriert&#8220;: Hollywoodstar Diane Kr\u00fcger wird neben Domitila Barros, Leonie Hanne, Kristin Drab, Stefanie Giesinger, Caro Daur, Jihoon Kim, Petite Doll, Hodan Yousuf, Nina<a href=\"https:\/\/store.tushmagazine.com\/de\/product\/magazine\/tush-54-ebook\/\" class=\"d-block breadmore\">Read More<\/a><\/p>\n","protected":false},"featured_media":4698,"template":"","meta":[],"product_brand":[],"product_cat":[44],"product_tag":[73],"class_list":{"0":"post-5733","1":"product","2":"type-product","3":"status-publish","4":"has-post-thumbnail","6":"product_cat-magazine","7":"product_tag-tush-54","9":"first","10":"instock","11":"downloadable","12":"virtual","13":"taxable","14":"purchasable","15":"product-type-simple"},"yoast_head":"<!-- This site is optimized with the Yoast SEO plugin v26.6 - https:\/\/yoast.com\/wordpress\/plugins\/seo\/ -->\n<title>TUSH 54 eBook: NEU DEKORIERT<\/title>\n<meta name=\"description\" content=\"TUSH bietet exklusive Einblicke in die Welt von Sch\u00f6nheit und Mode. Holet euch jetzt die Ausgabe TUSH 54! Mit Coverstars wie Diane Kruger.\" \/>\n<meta name=\"robots\" content=\"index, follow, max-snippet:-1, max-image-preview:large, max-video-preview:-1\" \/>\n<link rel=\"canonical\" href=\"https:\/\/store.tushmagazine.com\/de\/product\/magazine\/tush-54-ebook\/\" \/>\n<meta property=\"og:locale\" content=\"de_DE\" \/>\n<meta property=\"og:type\" content=\"article\" \/>\n<meta property=\"og:title\" content=\"TUSH 54 eBook: NEU DEKORIERT\" \/>\n<meta property=\"og:description\" content=\"TUSH bietet exklusive Einblicke in die Welt von Sch\u00f6nheit und Mode. Holet euch jetzt die Ausgabe TUSH 54! Mit Coverstars wie Diane Kruger.\" \/>\n<meta property=\"og:url\" content=\"https:\/\/store.tushmagazine.com\/de\/product\/magazine\/tush-54-ebook\/\" \/>\n<meta property=\"og:site_name\" content=\"TUSH Store\" \/>\n<meta property=\"article:modified_time\" content=\"2025-12-03T11:35:52+00:00\" \/>\n<meta property=\"og:image\" content=\"https:\/\/store.tushmagazine.com\/wp-content\/uploads\/2024\/03\/Ebook.jpg\" \/>\n\t<meta property=\"og:image:width\" content=\"734\" \/>\n\t<meta property=\"og:image:height\" content=\"842\" \/>\n\t<meta property=\"og:image:type\" content=\"image\/jpeg\" \/>\n<meta name=\"twitter:card\" content=\"summary_large_image\" \/>\n<meta name=\"twitter:label1\" content=\"Gesch\u00e4tzte Lesezeit\" \/>\n\t<meta name=\"twitter:data1\" content=\"1\u00a0Minute\" \/>\n<script type=\"application\/ld+json\" class=\"yoast-schema-graph\">{\"@context\":\"https:\/\/schema.org\",\"@graph\":[{\"@type\":\"WebPage\",\"@id\":\"https:\/\/store.tushmagazine.com\/de\/product\/magazine\/tush-54-ebook\/\",\"url\":\"https:\/\/store.tushmagazine.com\/de\/product\/magazine\/tush-54-ebook\/\",\"name\":\"TUSH 54 eBook: NEU DEKORIERT\",\"isPartOf\":{\"@id\":\"https:\/\/store.tushmagazine.com\/de\/#website\"},\"primaryImageOfPage\":{\"@id\":\"https:\/\/store.tushmagazine.com\/de\/product\/magazine\/tush-54-ebook\/#primaryimage\"},\"image\":{\"@id\":\"https:\/\/store.tushmagazine.com\/de\/product\/magazine\/tush-54-ebook\/#primaryimage\"},\"thumbnailUrl\":\"https:\/\/store.tushmagazine.com\/wp-content\/uploads\/2024\/03\/Ebook.jpg\",\"datePublished\":\"2025-09-10T12:50:15+00:00\",\"dateModified\":\"2025-12-03T11:35:52+00:00\",\"description\":\"TUSH bietet exklusive Einblicke in die Welt von Sch\u00f6nheit und Mode. Holet euch jetzt die Ausgabe TUSH 54! Mit Coverstars wie Diane Kruger.\",\"breadcrumb\":{\"@id\":\"https:\/\/store.tushmagazine.com\/de\/product\/magazine\/tush-54-ebook\/#breadcrumb\"},\"inLanguage\":\"de\",\"potentialAction\":[{\"@type\":\"ReadAction\",\"target\":[\"https:\/\/store.tushmagazine.com\/de\/product\/magazine\/tush-54-ebook\/\"]}]},{\"@type\":\"ImageObject\",\"inLanguage\":\"de\",\"@id\":\"https:\/\/store.tushmagazine.com\/de\/product\/magazine\/tush-54-ebook\/#primaryimage\",\"url\":\"https:\/\/store.tushmagazine.com\/wp-content\/uploads\/2024\/03\/Ebook.jpg\",\"contentUrl\":\"https:\/\/store.tushmagazine.com\/wp-content\/uploads\/2024\/03\/Ebook.jpg\",\"width\":734,\"height\":842},{\"@type\":\"BreadcrumbList\",\"@id\":\"https:\/\/store.tushmagazine.com\/de\/product\/magazine\/tush-54-ebook\/#breadcrumb\",\"itemListElement\":[{\"@type\":\"ListItem\",\"position\":1,\"name\":\"Startseite\",\"item\":\"https:\/\/store.tushmagazine.com\/de\/\"},{\"@type\":\"ListItem\",\"position\":2,\"name\":\"Shop DE\",\"item\":\"https:\/\/store.tushmagazine.com\/de\/\"},{\"@type\":\"ListItem\",\"position\":3,\"name\":\"TUSH 54 \u2013 GANZE AUSGABE + ALLE COVER \u2013 eBOOK\"}]},{\"@type\":\"WebSite\",\"@id\":\"https:\/\/store.tushmagazine.com\/de\/#website\",\"url\":\"https:\/\/store.tushmagazine.com\/de\/\",\"name\":\"TUSH Store\",\"description\":\"\",\"publisher\":{\"@id\":\"https:\/\/store.tushmagazine.com\/de\/#organization\"},\"potentialAction\":[{\"@type\":\"SearchAction\",\"target\":{\"@type\":\"EntryPoint\",\"urlTemplate\":\"https:\/\/store.tushmagazine.com\/de\/?s={search_term_string}\"},\"query-input\":{\"@type\":\"PropertyValueSpecification\",\"valueRequired\":true,\"valueName\":\"search_term_string\"}}],\"inLanguage\":\"de\"},{\"@type\":\"Organization\",\"@id\":\"https:\/\/store.tushmagazine.com\/de\/#organization\",\"name\":\"TUSH Store\",\"url\":\"https:\/\/store.tushmagazine.com\/de\/\",\"logo\":{\"@type\":\"ImageObject\",\"inLanguage\":\"de\",\"@id\":\"https:\/\/store.tushmagazine.com\/de\/#\/schema\/logo\/image\/\",\"url\":\"https:\/\/store.tushmagazine.com\/wp-content\/uploads\/2022\/05\/TUSH2022_Logo-white-e1651507122891.png\",\"contentUrl\":\"https:\/\/store.tushmagazine.com\/wp-content\/uploads\/2022\/05\/TUSH2022_Logo-white-e1651507122891.png\",\"width\":960,\"height\":180,\"caption\":\"TUSH Store\"},\"image\":{\"@id\":\"https:\/\/store.tushmagazine.com\/de\/#\/schema\/logo\/image\/\"}}]}<\/script>\n<!-- \/ Yoast SEO plugin. -->","yoast_head_json":{"title":"TUSH 54 eBook: NEU DEKORIERT","description":"TUSH bietet exklusive Einblicke in die Welt von Sch\u00f6nheit und Mode. Holet euch jetzt die Ausgabe TUSH 54! Mit Coverstars wie Diane Kruger.","robots":{"index":"index","follow":"follow","max-snippet":"max-snippet:-1","max-image-preview":"max-image-preview:large","max-video-preview":"max-video-preview:-1"},"canonical":"https:\/\/store.tushmagazine.com\/de\/product\/magazine\/tush-54-ebook\/","og_locale":"de_DE","og_type":"article","og_title":"TUSH 54 eBook: NEU DEKORIERT","og_description":"TUSH bietet exklusive Einblicke in die Welt von Sch\u00f6nheit und Mode. Holet euch jetzt die Ausgabe TUSH 54! Mit Coverstars wie Diane Kruger.","og_url":"https:\/\/store.tushmagazine.com\/de\/product\/magazine\/tush-54-ebook\/","og_site_name":"TUSH Store","article_modified_time":"2025-12-03T11:35:52+00:00","og_image":[{"width":734,"height":842,"url":"https:\/\/store.tushmagazine.com\/wp-content\/uploads\/2024\/03\/Ebook.jpg","type":"image\/jpeg"}],"twitter_card":"summary_large_image","twitter_misc":{"Gesch\u00e4tzte Lesezeit":"1\u00a0Minute"},"schema":{"@context":"https:\/\/schema.org","@graph":[{"@type":"WebPage","@id":"https:\/\/store.tushmagazine.com\/de\/product\/magazine\/tush-54-ebook\/","url":"https:\/\/store.tushmagazine.com\/de\/product\/magazine\/tush-54-ebook\/","name":"TUSH 54 eBook: NEU DEKORIERT","isPartOf":{"@id":"https:\/\/store.tushmagazine.com\/de\/#website"},"primaryImageOfPage":{"@id":"https:\/\/store.tushmagazine.com\/de\/product\/magazine\/tush-54-ebook\/#primaryimage"},"image":{"@id":"https:\/\/store.tushmagazine.com\/de\/product\/magazine\/tush-54-ebook\/#primaryimage"},"thumbnailUrl":"https:\/\/store.tushmagazine.com\/wp-content\/uploads\/2024\/03\/Ebook.jpg","datePublished":"2025-09-10T12:50:15+00:00","dateModified":"2025-12-03T11:35:52+00:00","description":"TUSH bietet exklusive Einblicke in die Welt von Sch\u00f6nheit und Mode. Holet euch jetzt die Ausgabe TUSH 54! Mit Coverstars wie Diane Kruger.","breadcrumb":{"@id":"https:\/\/store.tushmagazine.com\/de\/product\/magazine\/tush-54-ebook\/#breadcrumb"},"inLanguage":"de","potentialAction":[{"@type":"ReadAction","target":["https:\/\/store.tushmagazine.com\/de\/product\/magazine\/tush-54-ebook\/"]}]},{"@type":"ImageObject","inLanguage":"de","@id":"https:\/\/store.tushmagazine.com\/de\/product\/magazine\/tush-54-ebook\/#primaryimage","url":"https:\/\/store.tushmagazine.com\/wp-content\/uploads\/2024\/03\/Ebook.jpg","contentUrl":"https:\/\/store.tushmagazine.com\/wp-content\/uploads\/2024\/03\/Ebook.jpg","width":734,"height":842},{"@type":"BreadcrumbList","@id":"https:\/\/store.tushmagazine.com\/de\/product\/magazine\/tush-54-ebook\/#breadcrumb","itemListElement":[{"@type":"ListItem","position":1,"name":"Startseite","item":"https:\/\/store.tushmagazine.com\/de\/"},{"@type":"ListItem","position":2,"name":"Shop DE","item":"https:\/\/store.tushmagazine.com\/de\/"},{"@type":"ListItem","position":3,"name":"TUSH 54 \u2013 GANZE AUSGABE + ALLE COVER \u2013 eBOOK"}]},{"@type":"WebSite","@id":"https:\/\/store.tushmagazine.com\/de\/#website","url":"https:\/\/store.tushmagazine.com\/de\/","name":"TUSH Store","description":"","publisher":{"@id":"https:\/\/store.tushmagazine.com\/de\/#organization"},"potentialAction":[{"@type":"SearchAction","target":{"@type":"EntryPoint","urlTemplate":"https:\/\/store.tushmagazine.com\/de\/?s={search_term_string}"},"query-input":{"@type":"PropertyValueSpecification","valueRequired":true,"valueName":"search_term_string"}}],"inLanguage":"de"},{"@type":"Organization","@id":"https:\/\/store.tushmagazine.com\/de\/#organization","name":"TUSH Store","url":"https:\/\/store.tushmagazine.com\/de\/","logo":{"@type":"ImageObject","inLanguage":"de","@id":"https:\/\/store.tushmagazine.com\/de\/#\/schema\/logo\/image\/","url":"https:\/\/store.tushmagazine.com\/wp-content\/uploads\/2022\/05\/TUSH2022_Logo-white-e1651507122891.png","contentUrl":"https:\/\/store.tushmagazine.com\/wp-content\/uploads\/2022\/05\/TUSH2022_Logo-white-e1651507122891.png","width":960,"height":180,"caption":"TUSH Store"},"image":{"@id":"https:\/\/store.tushmagazine.com\/de\/#\/schema\/logo\/image\/"}}]}},"_links":{"self":[{"href":"https:\/\/store.tushmagazine.com\/de\/wp-json\/wp\/v2\/product\/5733","targetHints":{"allow":["GET"]}}],"collection":[{"href":"https:\/\/store.tushmagazine.com\/de\/wp-json\/wp\/v2\/product"}],"about":[{"href":"https:\/\/store.tushmagazine.com\/de\/wp-json\/wp\/v2\/types\/product"}],"wp:featuredmedia":[{"embeddable":true,"href":"https:\/\/store.tushmagazine.com\/de\/wp-json\/wp\/v2\/media\/4698"}],"wp:attachment":[{"href":"https:\/\/store.tushmagazine.com\/de\/wp-json\/wp\/v2\/media?parent=5733"}],"wp:term":[{"taxonomy":"product_brand","embeddable":true,"href":"https:\/\/store.tushmagazine.com\/de\/wp-json\/wp\/v2\/product_brand?post=5733"},{"taxonomy":"product_cat","embeddable":true,"href":"https:\/\/store.tushmagazine.com\/de\/wp-json\/wp\/v2\/product_cat?post=5733"},{"taxonomy":"product_tag","embeddable":true,"href":"https:\/\/store.tushmagazine.com\/de\/wp-json\/wp\/v2\/product_tag?post=5733"}],"curies":[{"name":"wp","href":"https:\/\/api.w.org\/{rel}","templated":true}]}}