{"id":540,"date":"2021-09-02T00:20:20","date_gmt":"2021-09-01T22:20:20","guid":{"rendered":"https:\/\/store.tushmagazine.com\/?post_type=product&#038;p=540"},"modified":"2025-12-03T12:43:48","modified_gmt":"2025-12-03T11:43:48","slug":"tush-48","status":"publish","type":"product","link":"https:\/\/store.tushmagazine.com\/de\/product\/magazine\/tush-48\/","title":{"rendered":"TUSH 48 \u2013 GANZE AUSGABE + ALLE COVER \u2013 eBOOK"},"content":{"rendered":"<p><strong>TUSH 48 \u2013 eBook<\/strong><\/p>\n<p><strong>Das Magazin als B\u00fchne: Wir geben mit dieser Ausgabe Kultur eine Plattform.<\/strong><\/p>\n<p>Inspiriert vom klassischen Theater, Avantgarde Ballet, Arthouse Kino und Musik, verschmelzen wir Beauty mit Kunst. Eine visuelles Fest in vielf\u00e4ltiger \u00c4sthetik, die von glamour\u00f6s bis minimalistisch reicht. Herausragende Inszenierungen und Personalities wie Poppy, Emilia Sch\u00fcle und Miss Fame, K\u00fcnstler wie Lochie Stonehouse und Slava Polunin geben TUSH 48 das gewisse Etwas, Influencer wie Caro Daur und Lorena runden den Cast ab. Fotografiert von Gr\u00f6\u00dfen wie dem TUSH Chefredakteur Armin Morbach und Domen &amp; Van de Velde sowie Newcomer*innen wie Ruo Bing Li, Lissy Gollnik und Charlotte Krieger unter der Editorial Leitung von Laura Dunkelmann. Aber nicht nur auf der Tush-B\u00fchne ist es spektakul\u00e4r: mit Make-up Artists wie Marie Dausell und Marla Belt, Hairstylist*innen wie Charlie Le Mindu und Stelli, Stylist*innen\u00a0wie Laurent Dombrowicz und Designer*innen wie Kevin Germanier. TUSH 48 zeigt das volle Spektrum an Sch\u00f6nheit &#8211; Dramatisch, ber\u00fchrend, modern und aufregend.<\/p>\n<p><em>Hinweis: Das eBook kann max. 4 x innerhalb des angegebenen Zeitraums heruntergeladen werden.<\/em><\/p>\n","protected":false},"excerpt":{"rendered":"<p>TUSH 48 \u2013 eBook Das Magazin als B\u00fchne: Wir geben mit dieser Ausgabe Kultur eine Plattform. Inspiriert vom klassischen Theater, Avantgarde Ballet, Arthouse Kino und Musik, verschmelzen wir Beauty mit<a href=\"https:\/\/store.tushmagazine.com\/de\/product\/magazine\/tush-48\/\" class=\"d-block breadmore\">Read More<\/a><\/p>\n","protected":false},"featured_media":216,"template":"","meta":[],"product_brand":[],"product_cat":[44],"product_tag":[],"class_list":{"0":"post-540","1":"product","2":"type-product","3":"status-publish","4":"has-post-thumbnail","6":"product_cat-magazine","7":"product_shipping_class-single-item-de","9":"first","10":"instock","11":"downloadable","12":"virtual","13":"taxable","14":"purchasable","15":"product-type-simple"},"yoast_head":"<!-- This site is optimized with the Yoast SEO plugin v26.6 - https:\/\/yoast.com\/wordpress\/plugins\/seo\/ -->\n<title>TUSH 48 eBook: Be What You Love<\/title>\n<meta name=\"robots\" content=\"index, follow, max-snippet:-1, max-image-preview:large, max-video-preview:-1\" \/>\n<link rel=\"canonical\" href=\"https:\/\/store.tushmagazine.com\/de\/product\/magazine\/tush-48\/\" \/>\n<meta property=\"og:locale\" content=\"de_DE\" \/>\n<meta property=\"og:type\" content=\"article\" \/>\n<meta property=\"og:title\" content=\"TUSH 48 eBook: Be What You Love\" \/>\n<meta property=\"og:description\" content=\"TUSH 48 \u2013 eBook Das Magazin als B\u00fchne: Wir geben mit dieser Ausgabe Kultur eine Plattform. Inspiriert vom klassischen Theater, Avantgarde Ballet, Arthouse Kino und Musik, verschmelzen wir Beauty mitRead More\" \/>\n<meta property=\"og:url\" content=\"https:\/\/store.tushmagazine.com\/de\/product\/magazine\/tush-48\/\" \/>\n<meta property=\"og:site_name\" content=\"TUSH Store\" \/>\n<meta property=\"article:modified_time\" content=\"2025-12-03T11:43:48+00:00\" \/>\n<meta name=\"twitter:card\" content=\"summary_large_image\" \/>\n<meta name=\"twitter:label1\" content=\"Gesch\u00e4tzte Lesezeit\" \/>\n\t<meta name=\"twitter:data1\" content=\"1\u00a0Minute\" \/>\n<script type=\"application\/ld+json\" class=\"yoast-schema-graph\">{\"@context\":\"https:\/\/schema.org\",\"@graph\":[{\"@type\":\"WebPage\",\"@id\":\"https:\/\/store.tushmagazine.com\/de\/product\/magazine\/tush-48\/\",\"url\":\"https:\/\/store.tushmagazine.com\/de\/product\/magazine\/tush-48\/\",\"name\":\"TUSH 48 eBook: Be What You Love\",\"isPartOf\":{\"@id\":\"https:\/\/store.tushmagazine.com\/de\/#website\"},\"primaryImageOfPage\":{\"@id\":\"https:\/\/store.tushmagazine.com\/de\/product\/magazine\/tush-48\/#primaryimage\"},\"image\":{\"@id\":\"https:\/\/store.tushmagazine.com\/de\/product\/magazine\/tush-48\/#primaryimage\"},\"thumbnailUrl\":\"https:\/\/store.tushmagazine.com\/wp-content\/uploads\/2021\/10\/T48_eBook.png\",\"datePublished\":\"2021-09-01T22:20:20+00:00\",\"dateModified\":\"2025-12-03T11:43:48+00:00\",\"breadcrumb\":{\"@id\":\"https:\/\/store.tushmagazine.com\/de\/product\/magazine\/tush-48\/#breadcrumb\"},\"inLanguage\":\"de\",\"potentialAction\":[{\"@type\":\"ReadAction\",\"target\":[\"https:\/\/store.tushmagazine.com\/de\/product\/magazine\/tush-48\/\"]}]},{\"@type\":\"ImageObject\",\"inLanguage\":\"de\",\"@id\":\"https:\/\/store.tushmagazine.com\/de\/product\/magazine\/tush-48\/#primaryimage\",\"url\":\"https:\/\/store.tushmagazine.com\/wp-content\/uploads\/2021\/10\/T48_eBook.png\",\"contentUrl\":\"https:\/\/store.tushmagazine.com\/wp-content\/uploads\/2021\/10\/T48_eBook.png\",\"width\":800,\"height\":1034,\"caption\":\"T48_eBook\"},{\"@type\":\"BreadcrumbList\",\"@id\":\"https:\/\/store.tushmagazine.com\/de\/product\/magazine\/tush-48\/#breadcrumb\",\"itemListElement\":[{\"@type\":\"ListItem\",\"position\":1,\"name\":\"Startseite\",\"item\":\"https:\/\/store.tushmagazine.com\/de\/\"},{\"@type\":\"ListItem\",\"position\":2,\"name\":\"Shop DE\",\"item\":\"https:\/\/store.tushmagazine.com\/de\/\"},{\"@type\":\"ListItem\",\"position\":3,\"name\":\"TUSH 48 \u2013 GANZE AUSGABE + ALLE COVER \u2013 eBOOK\"}]},{\"@type\":\"WebSite\",\"@id\":\"https:\/\/store.tushmagazine.com\/de\/#website\",\"url\":\"https:\/\/store.tushmagazine.com\/de\/\",\"name\":\"TUSH Store\",\"description\":\"\",\"publisher\":{\"@id\":\"https:\/\/store.tushmagazine.com\/de\/#organization\"},\"potentialAction\":[{\"@type\":\"SearchAction\",\"target\":{\"@type\":\"EntryPoint\",\"urlTemplate\":\"https:\/\/store.tushmagazine.com\/de\/?s={search_term_string}\"},\"query-input\":{\"@type\":\"PropertyValueSpecification\",\"valueRequired\":true,\"valueName\":\"search_term_string\"}}],\"inLanguage\":\"de\"},{\"@type\":\"Organization\",\"@id\":\"https:\/\/store.tushmagazine.com\/de\/#organization\",\"name\":\"TUSH Store\",\"url\":\"https:\/\/store.tushmagazine.com\/de\/\",\"logo\":{\"@type\":\"ImageObject\",\"inLanguage\":\"de\",\"@id\":\"https:\/\/store.tushmagazine.com\/de\/#\/schema\/logo\/image\/\",\"url\":\"https:\/\/store.tushmagazine.com\/wp-content\/uploads\/2022\/05\/TUSH2022_Logo-white-e1651507122891.png\",\"contentUrl\":\"https:\/\/store.tushmagazine.com\/wp-content\/uploads\/2022\/05\/TUSH2022_Logo-white-e1651507122891.png\",\"width\":960,\"height\":180,\"caption\":\"TUSH Store\"},\"image\":{\"@id\":\"https:\/\/store.tushmagazine.com\/de\/#\/schema\/logo\/image\/\"}}]}<\/script>\n<!-- \/ Yoast SEO plugin. -->","yoast_head_json":{"title":"TUSH 48 eBook: Be What You Love","robots":{"index":"index","follow":"follow","max-snippet":"max-snippet:-1","max-image-preview":"max-image-preview:large","max-video-preview":"max-video-preview:-1"},"canonical":"https:\/\/store.tushmagazine.com\/de\/product\/magazine\/tush-48\/","og_locale":"de_DE","og_type":"article","og_title":"TUSH 48 eBook: Be What You Love","og_description":"TUSH 48 \u2013 eBook Das Magazin als B\u00fchne: Wir geben mit dieser Ausgabe Kultur eine Plattform. Inspiriert vom klassischen Theater, Avantgarde Ballet, Arthouse Kino und Musik, verschmelzen wir Beauty mitRead More","og_url":"https:\/\/store.tushmagazine.com\/de\/product\/magazine\/tush-48\/","og_site_name":"TUSH Store","article_modified_time":"2025-12-03T11:43:48+00:00","twitter_card":"summary_large_image","twitter_misc":{"Gesch\u00e4tzte Lesezeit":"1\u00a0Minute"},"schema":{"@context":"https:\/\/schema.org","@graph":[{"@type":"WebPage","@id":"https:\/\/store.tushmagazine.com\/de\/product\/magazine\/tush-48\/","url":"https:\/\/store.tushmagazine.com\/de\/product\/magazine\/tush-48\/","name":"TUSH 48 eBook: Be What You Love","isPartOf":{"@id":"https:\/\/store.tushmagazine.com\/de\/#website"},"primaryImageOfPage":{"@id":"https:\/\/store.tushmagazine.com\/de\/product\/magazine\/tush-48\/#primaryimage"},"image":{"@id":"https:\/\/store.tushmagazine.com\/de\/product\/magazine\/tush-48\/#primaryimage"},"thumbnailUrl":"https:\/\/store.tushmagazine.com\/wp-content\/uploads\/2021\/10\/T48_eBook.png","datePublished":"2021-09-01T22:20:20+00:00","dateModified":"2025-12-03T11:43:48+00:00","breadcrumb":{"@id":"https:\/\/store.tushmagazine.com\/de\/product\/magazine\/tush-48\/#breadcrumb"},"inLanguage":"de","potentialAction":[{"@type":"ReadAction","target":["https:\/\/store.tushmagazine.com\/de\/product\/magazine\/tush-48\/"]}]},{"@type":"ImageObject","inLanguage":"de","@id":"https:\/\/store.tushmagazine.com\/de\/product\/magazine\/tush-48\/#primaryimage","url":"https:\/\/store.tushmagazine.com\/wp-content\/uploads\/2021\/10\/T48_eBook.png","contentUrl":"https:\/\/store.tushmagazine.com\/wp-content\/uploads\/2021\/10\/T48_eBook.png","width":800,"height":1034,"caption":"T48_eBook"},{"@type":"BreadcrumbList","@id":"https:\/\/store.tushmagazine.com\/de\/product\/magazine\/tush-48\/#breadcrumb","itemListElement":[{"@type":"ListItem","position":1,"name":"Startseite","item":"https:\/\/store.tushmagazine.com\/de\/"},{"@type":"ListItem","position":2,"name":"Shop DE","item":"https:\/\/store.tushmagazine.com\/de\/"},{"@type":"ListItem","position":3,"name":"TUSH 48 \u2013 GANZE AUSGABE + ALLE COVER \u2013 eBOOK"}]},{"@type":"WebSite","@id":"https:\/\/store.tushmagazine.com\/de\/#website","url":"https:\/\/store.tushmagazine.com\/de\/","name":"TUSH Store","description":"","publisher":{"@id":"https:\/\/store.tushmagazine.com\/de\/#organization"},"potentialAction":[{"@type":"SearchAction","target":{"@type":"EntryPoint","urlTemplate":"https:\/\/store.tushmagazine.com\/de\/?s={search_term_string}"},"query-input":{"@type":"PropertyValueSpecification","valueRequired":true,"valueName":"search_term_string"}}],"inLanguage":"de"},{"@type":"Organization","@id":"https:\/\/store.tushmagazine.com\/de\/#organization","name":"TUSH Store","url":"https:\/\/store.tushmagazine.com\/de\/","logo":{"@type":"ImageObject","inLanguage":"de","@id":"https:\/\/store.tushmagazine.com\/de\/#\/schema\/logo\/image\/","url":"https:\/\/store.tushmagazine.com\/wp-content\/uploads\/2022\/05\/TUSH2022_Logo-white-e1651507122891.png","contentUrl":"https:\/\/store.tushmagazine.com\/wp-content\/uploads\/2022\/05\/TUSH2022_Logo-white-e1651507122891.png","width":960,"height":180,"caption":"TUSH Store"},"image":{"@id":"https:\/\/store.tushmagazine.com\/de\/#\/schema\/logo\/image\/"}}]}},"_links":{"self":[{"href":"https:\/\/store.tushmagazine.com\/de\/wp-json\/wp\/v2\/product\/540","targetHints":{"allow":["GET"]}}],"collection":[{"href":"https:\/\/store.tushmagazine.com\/de\/wp-json\/wp\/v2\/product"}],"about":[{"href":"https:\/\/store.tushmagazine.com\/de\/wp-json\/wp\/v2\/types\/product"}],"wp:featuredmedia":[{"embeddable":true,"href":"https:\/\/store.tushmagazine.com\/de\/wp-json\/wp\/v2\/media\/216"}],"wp:attachment":[{"href":"https:\/\/store.tushmagazine.com\/de\/wp-json\/wp\/v2\/media?parent=540"}],"wp:term":[{"taxonomy":"product_brand","embeddable":true,"href":"https:\/\/store.tushmagazine.com\/de\/wp-json\/wp\/v2\/product_brand?post=540"},{"taxonomy":"product_cat","embeddable":true,"href":"https:\/\/store.tushmagazine.com\/de\/wp-json\/wp\/v2\/product_cat?post=540"},{"taxonomy":"product_tag","embeddable":true,"href":"https:\/\/store.tushmagazine.com\/de\/wp-json\/wp\/v2\/product_tag?post=540"}],"curies":[{"name":"wp","href":"https:\/\/api.w.org\/{rel}","templated":true}]}}