{"id":3,"date":"2021-08-02T12:33:39","date_gmt":"2021-08-02T10:33:39","guid":{"rendered":"https:\/\/store.tushmagazine.com\/?page_id=3"},"modified":"2021-09-28T02:22:50","modified_gmt":"2021-09-28T00:22:50","slug":"ueber_uns","status":"publish","type":"page","link":"https:\/\/store.tushmagazine.com\/de\/ueber_uns\/","title":{"rendered":"\u00dcber uns"},"content":{"rendered":"\n<h2 class=\"wp-block-heading\">TUSH ist 360\u00b0<\/h2>\n\n\n\n<p>TUSH Magazine zeigt seit 2005 neue Perspektiven auf \u00c4sthetik und Sch\u00f6nheit. Unter BEAUTY CULTURE verstehen wir die Verbindung von Kunst und Mensch \u2013 in allen Aspekten.<\/p>\n\n\n\n<p>Wir erreichen mit Print, Social Media und Digital, Foto und Film, Influencer und Art.<br>Passend zu jedem Kanal entwickeln wir Stories und Visual, adaptieren, fokussieren rekreieren \u2013 so hat jede Story nicht nur den maximalem Outcome, sondern auch die gr\u00f6\u00dftm\u00f6gliche Reichweite.<br>Unsere aktive wie attraktive Community und enge Verbundenheit zu Influencern gibt Posts wie Pages noch mehr Power.<\/p>\n\n\n\n<p>Und die Reise geht weiter: 2020 haben wir in Zusammenarbeit mit L.O.V. cosmetics die PEARLY CREAM EYESHADOW PALETTE mit 9 hoch pigmentierten Creme Lidschatten heraus gebracht und damit auf die W\u00fcnsche unserer Community reagiert: TUSH ist nicht nur BEAUTY CULTURE, sondern auch Vorreiter im Bereich Make-Up Performance. Das wollen wir jetzt auch auf den Gesichtern unserer Community sehen. Die Palette gibt es bei uns im Store und im Shop von <a href=\"https:\/\/lov.eu\/produkt\/tush-it-real-good-cream-eyeshadow\/\" target=\"_blank\" rel=\"noreferrer noopener nofollow\">L.O.V<\/a>.<\/p>\n","protected":false},"excerpt":{"rendered":"<p>TUSH ist 360\u00b0 TUSH Magazine zeigt seit 2005 neue Perspektiven auf \u00c4sthetik und Sch\u00f6nheit. Unter BEAUTY CULTURE verstehen wir die Verbindung von Kunst und Mensch \u2013 in allen Aspekten. Wir<a href=\"https:\/\/store.tushmagazine.com\/de\/ueber_uns\/\" class=\"d-block breadmore\">Read More<\/a><\/p>\n","protected":false},"author":1,"featured_media":0,"parent":0,"menu_order":0,"comment_status":"closed","ping_status":"closed","template":"template-full-width.php","meta":{"footnotes":""},"class_list":["post-3","page","type-page","status-publish","hentry"],"yoast_head":"<!-- This site is optimized with the Yoast SEO plugin v26.6 - https:\/\/yoast.com\/wordpress\/plugins\/seo\/ -->\n<title>\u00dcber uns - TUSH Store<\/title>\n<meta name=\"robots\" content=\"index, follow, max-snippet:-1, max-image-preview:large, max-video-preview:-1\" \/>\n<link rel=\"canonical\" href=\"https:\/\/store.tushmagazine.com\/about-us\/\" \/>\n<meta property=\"og:locale\" content=\"de_DE\" \/>\n<meta property=\"og:type\" content=\"article\" \/>\n<meta property=\"og:title\" content=\"\u00dcber uns - TUSH Store\" \/>\n<meta property=\"og:description\" content=\"TUSH ist 360\u00b0 TUSH Magazine zeigt seit 2005 neue Perspektiven auf \u00c4sthetik und Sch\u00f6nheit. Unter BEAUTY CULTURE verstehen wir die Verbindung von Kunst und Mensch \u2013 in allen Aspekten. WirRead More\" \/>\n<meta property=\"og:url\" content=\"https:\/\/store.tushmagazine.com\/about-us\/\" \/>\n<meta property=\"og:site_name\" content=\"TUSH Store\" \/>\n<meta property=\"article:modified_time\" content=\"2021-09-28T00:22:50+00:00\" \/>\n<meta name=\"twitter:card\" content=\"summary_large_image\" \/>\n<meta name=\"twitter:label1\" content=\"Gesch\u00e4tzte Lesezeit\" \/>\n\t<meta name=\"twitter:data1\" content=\"1\u00a0Minute\" \/>\n<script type=\"application\/ld+json\" class=\"yoast-schema-graph\">{\"@context\":\"https:\/\/schema.org\",\"@graph\":[{\"@type\":\"WebPage\",\"@id\":\"https:\/\/store.tushmagazine.com\/about-us\/\",\"url\":\"https:\/\/store.tushmagazine.com\/about-us\/\",\"name\":\"\u00dcber uns - TUSH Store\",\"isPartOf\":{\"@id\":\"https:\/\/store.tushmagazine.com\/de\/#website\"},\"datePublished\":\"2021-08-02T10:33:39+00:00\",\"dateModified\":\"2021-09-28T00:22:50+00:00\",\"breadcrumb\":{\"@id\":\"https:\/\/store.tushmagazine.com\/about-us\/#breadcrumb\"},\"inLanguage\":\"de\",\"potentialAction\":[{\"@type\":\"ReadAction\",\"target\":[\"https:\/\/store.tushmagazine.com\/about-us\/\"]}]},{\"@type\":\"BreadcrumbList\",\"@id\":\"https:\/\/store.tushmagazine.com\/about-us\/#breadcrumb\",\"itemListElement\":[{\"@type\":\"ListItem\",\"position\":1,\"name\":\"Startseite\",\"item\":\"https:\/\/store.tushmagazine.com\/de\/\"},{\"@type\":\"ListItem\",\"position\":2,\"name\":\"\u00dcber uns\"}]},{\"@type\":\"WebSite\",\"@id\":\"https:\/\/store.tushmagazine.com\/de\/#website\",\"url\":\"https:\/\/store.tushmagazine.com\/de\/\",\"name\":\"TUSH Store\",\"description\":\"\",\"publisher\":{\"@id\":\"https:\/\/store.tushmagazine.com\/de\/#organization\"},\"potentialAction\":[{\"@type\":\"SearchAction\",\"target\":{\"@type\":\"EntryPoint\",\"urlTemplate\":\"https:\/\/store.tushmagazine.com\/de\/?s={search_term_string}\"},\"query-input\":{\"@type\":\"PropertyValueSpecification\",\"valueRequired\":true,\"valueName\":\"search_term_string\"}}],\"inLanguage\":\"de\"},{\"@type\":\"Organization\",\"@id\":\"https:\/\/store.tushmagazine.com\/de\/#organization\",\"name\":\"TUSH Store\",\"url\":\"https:\/\/store.tushmagazine.com\/de\/\",\"logo\":{\"@type\":\"ImageObject\",\"inLanguage\":\"de\",\"@id\":\"https:\/\/store.tushmagazine.com\/de\/#\/schema\/logo\/image\/\",\"url\":\"https:\/\/store.tushmagazine.com\/wp-content\/uploads\/2022\/05\/TUSH2022_Logo-white-e1651507122891.png\",\"contentUrl\":\"https:\/\/store.tushmagazine.com\/wp-content\/uploads\/2022\/05\/TUSH2022_Logo-white-e1651507122891.png\",\"width\":960,\"height\":180,\"caption\":\"TUSH Store\"},\"image\":{\"@id\":\"https:\/\/store.tushmagazine.com\/de\/#\/schema\/logo\/image\/\"}}]}<\/script>\n<!-- \/ Yoast SEO plugin. -->","yoast_head_json":{"title":"\u00dcber uns - TUSH Store","robots":{"index":"index","follow":"follow","max-snippet":"max-snippet:-1","max-image-preview":"max-image-preview:large","max-video-preview":"max-video-preview:-1"},"canonical":"https:\/\/store.tushmagazine.com\/about-us\/","og_locale":"de_DE","og_type":"article","og_title":"\u00dcber uns - TUSH Store","og_description":"TUSH ist 360\u00b0 TUSH Magazine zeigt seit 2005 neue Perspektiven auf \u00c4sthetik und Sch\u00f6nheit. Unter BEAUTY CULTURE verstehen wir die Verbindung von Kunst und Mensch \u2013 in allen Aspekten. WirRead More","og_url":"https:\/\/store.tushmagazine.com\/about-us\/","og_site_name":"TUSH Store","article_modified_time":"2021-09-28T00:22:50+00:00","twitter_card":"summary_large_image","twitter_misc":{"Gesch\u00e4tzte Lesezeit":"1\u00a0Minute"},"schema":{"@context":"https:\/\/schema.org","@graph":[{"@type":"WebPage","@id":"https:\/\/store.tushmagazine.com\/about-us\/","url":"https:\/\/store.tushmagazine.com\/about-us\/","name":"\u00dcber uns - TUSH Store","isPartOf":{"@id":"https:\/\/store.tushmagazine.com\/de\/#website"},"datePublished":"2021-08-02T10:33:39+00:00","dateModified":"2021-09-28T00:22:50+00:00","breadcrumb":{"@id":"https:\/\/store.tushmagazine.com\/about-us\/#breadcrumb"},"inLanguage":"de","potentialAction":[{"@type":"ReadAction","target":["https:\/\/store.tushmagazine.com\/about-us\/"]}]},{"@type":"BreadcrumbList","@id":"https:\/\/store.tushmagazine.com\/about-us\/#breadcrumb","itemListElement":[{"@type":"ListItem","position":1,"name":"Startseite","item":"https:\/\/store.tushmagazine.com\/de\/"},{"@type":"ListItem","position":2,"name":"\u00dcber uns"}]},{"@type":"WebSite","@id":"https:\/\/store.tushmagazine.com\/de\/#website","url":"https:\/\/store.tushmagazine.com\/de\/","name":"TUSH Store","description":"","publisher":{"@id":"https:\/\/store.tushmagazine.com\/de\/#organization"},"potentialAction":[{"@type":"SearchAction","target":{"@type":"EntryPoint","urlTemplate":"https:\/\/store.tushmagazine.com\/de\/?s={search_term_string}"},"query-input":{"@type":"PropertyValueSpecification","valueRequired":true,"valueName":"search_term_string"}}],"inLanguage":"de"},{"@type":"Organization","@id":"https:\/\/store.tushmagazine.com\/de\/#organization","name":"TUSH Store","url":"https:\/\/store.tushmagazine.com\/de\/","logo":{"@type":"ImageObject","inLanguage":"de","@id":"https:\/\/store.tushmagazine.com\/de\/#\/schema\/logo\/image\/","url":"https:\/\/store.tushmagazine.com\/wp-content\/uploads\/2022\/05\/TUSH2022_Logo-white-e1651507122891.png","contentUrl":"https:\/\/store.tushmagazine.com\/wp-content\/uploads\/2022\/05\/TUSH2022_Logo-white-e1651507122891.png","width":960,"height":180,"caption":"TUSH Store"},"image":{"@id":"https:\/\/store.tushmagazine.com\/de\/#\/schema\/logo\/image\/"}}]}},"_links":{"self":[{"href":"https:\/\/store.tushmagazine.com\/de\/wp-json\/wp\/v2\/pages\/3","targetHints":{"allow":["GET"]}}],"collection":[{"href":"https:\/\/store.tushmagazine.com\/de\/wp-json\/wp\/v2\/pages"}],"about":[{"href":"https:\/\/store.tushmagazine.com\/de\/wp-json\/wp\/v2\/types\/page"}],"author":[{"embeddable":true,"href":"https:\/\/store.tushmagazine.com\/de\/wp-json\/wp\/v2\/users\/1"}],"replies":[{"embeddable":true,"href":"https:\/\/store.tushmagazine.com\/de\/wp-json\/wp\/v2\/comments?post=3"}],"version-history":[{"count":2,"href":"https:\/\/store.tushmagazine.com\/de\/wp-json\/wp\/v2\/pages\/3\/revisions"}],"predecessor-version":[{"id":132,"href":"https:\/\/store.tushmagazine.com\/de\/wp-json\/wp\/v2\/pages\/3\/revisions\/132"}],"wp:attachment":[{"href":"https:\/\/store.tushmagazine.com\/de\/wp-json\/wp\/v2\/media?parent=3"}],"curies":[{"name":"wp","href":"https:\/\/api.w.org\/{rel}","templated":true}]}}